{"id":20,"date":"2023-05-15T13:34:18","date_gmt":"2023-05-15T11:34:18","guid":{"rendered":"https:\/\/face-grandlyon.com\/?page_id=20"},"modified":"2025-03-17T12:22:05","modified_gmt":"2025-03-17T11:22:05","slug":"politique-de-confidentialite","status":"publish","type":"page","link":"https:\/\/jeuxdeladiversite.fr\/lyon\/politique-de-confidentialite\/","title":{"rendered":"Politique de confidentialit\u00e9"},"content":{"rendered":"<div class=\"wpb-content-wrapper\"><p>[vc_row full_width=&#8221;stretch_row&#8221; el_id=&#8221;headerpage&#8221; css=&#8221;.vc_custom_1684164377625{background-image: url(https:\/\/face-grandlyon.com\/wp-content\/uploads\/2023\/06\/header-qsn.png?id=93) !important;}&#8221;][vc_column][vc_column_text css_animation=&#8221;fadeIn&#8221; el_class=&#8221;txt-blanc&#8221;]<\/p>\n<h1>Politique de confidentialit\u00e9<\/h1>\n<p>[\/vc_column_text][\/vc_column][\/vc_row][vc_row][vc_column][vc_column_text]FACE Lyon M\u00e9tropole s\u2019engage \u00e0 respecter la r\u00e9glementation en vigueur applicable au traitement de donn\u00e9es \u00e0 caract\u00e8re personnel et, en particulier, le r\u00e8glement (UE) du Parlement Europ\u00e9en et du Conseil du 27 avril 2016 applicable \u00e0 compter du 25 mai 2018 (aussi appel\u00e9 \u00ab le r\u00e8glement g\u00e9n\u00e9ral sur la protection des donn\u00e9es \u2013 RGPD \u00bb).<\/p>\n<ol>\n<li><strong>La collecte d\u2019informations<\/strong><\/li>\n<\/ol>\n<p>A l\u2019occasion de l\u2019utilisation du site <a href=\"https:\/\/jeuxdeladiversite.fr\/lyon\">https:\/\/jeuxdeladiversite.fr\/lyon<\/a> , peuvent \u00eatre recueillies : l\u2019URL des liens par l\u2019interm\u00e9diaire desquels l\u2019utilisateur a acc\u00e9d\u00e9 au site <a href=\"https:\/\/jeuxdeladiversite.fr\/lyon\">https:\/\/jeuxdeladiversite.fr\/lyon<\/a>, le fournisseur d\u2019acc\u00e8s de l\u2019utilisateur, l\u2019adresse de protocole Internet (IP) de l\u2019utilisateur.<\/p>\n<p>En tout \u00e9tat de cause FACE Lyon M\u00e9topole ne collecte des informations personnelles relatives \u00e0 l\u2019utilisateur que pour le besoin de certains services propos\u00e9s par le site <a href=\"https:\/\/jeuxdeladiversite.fr\/lyon\">https:\/\/jeuxdeladiversite.fr\/lyon<\/a>. L\u2019utilisateur.rice fournit ces informations en toute connaissance de cause, notamment lorsqu\u2019il\/elle proc\u00e8de par lui\/elle-m\u00eame \u00e0 leur saisie. Il est alors pr\u00e9cis\u00e9 \u00e0 l\u2019utilisateur.rice du site <a href=\"https:\/\/jeuxdeladiversite.fr\/lyon\">https:\/\/jeuxdeladiversite.fr\/lyon<\/a> l\u2019obligation ou non de fournir ces informations.<\/p>\n<ol start=\"2\">\n<li><strong>Utilisation des informations<\/strong><\/li>\n<\/ol>\n<p>Toutes les informations que nous recueillons aupr\u00e8s de vous peuvent \u00eatre utilis\u00e9es pour\u00a0:<\/p>\n<ul>\n<li>r\u00e9pondre \u00e0 vos demandes de contact,<\/li>\n<li>envoyer notre newsletter,<\/li>\n<li>vous contacter par e-mail,<\/li>\n<li>vous faire parvenir des invitations \u00e0 des \u00e9v\u00e9nements,<\/li>\n<li>vous faire part d\u2019informations concernant nos actions.<\/li>\n<\/ul>\n<ol start=\"3\">\n<li><strong>Confidentialit\u00e9 des donn\u00e9es<\/strong><\/li>\n<\/ol>\n<p>Aucune information personnelle de l\u2019utilisateur du site <a href=\"https:\/\/jeuxdeladiversite.fr\/lyon\">https:\/\/jeuxdeladiversite.fr\/lyon<\/a> n\u2019est publi\u00e9e \u00e0 l\u2019insu de l\u2019utilisateur.rice, \u00e9chang\u00e9e, transf\u00e9r\u00e9e, c\u00e9d\u00e9e ou vendue sur un support quelconque \u00e0 des tiers. Seule l\u2019hypoth\u00e8se du rachat de FACE Lyon M\u00e9tropole et de ses droits permettrait la transmission des dites informations \u00e0 l\u2019\u00e9ventuel acqu\u00e9reur.euse qui serait \u00e0 son tour tenu de la m\u00eame obligation de conservation et de modification des donn\u00e9es vis \u00e0 vis de l\u2019utilisateur du site <a href=\"https:\/\/jeuxdeladiversite.fr\/lyon\">https:\/\/jeuxdeladiversite.fr\/lyon<\/a> .<\/p>\n<p>La conservation des donn\u00e9es respecte les d\u00e9lais l\u00e9gaux en vigueur.<\/p>\n<ol start=\"4\">\n<li><strong>Protection des informations<\/strong><\/li>\n<\/ol>\n<p>Nous mettons en \u0153uvre un ensemble de mesures de s\u00e9curit\u00e9 pour pr\u00e9server la s\u00e9curit\u00e9 de vos informations personnelles. Les ordinateurs et serveurs utilis\u00e9s pour stocker des informations personnelles identifiables sont conserv\u00e9s dans un environnement s\u00e9curis\u00e9.<\/p>\n<ol start=\"5\">\n<li><strong>Droit d\u2019acc\u00e8s, d\u2019opposition et de retrait<\/strong><\/li>\n<\/ol>\n<p>Conform\u00e9ment au r\u00e8glement g\u00e9n\u00e9ral pour la protection des donn\u00e9es, tout utilisateur dispose d\u2019un droit d\u2019acc\u00e8s, de rectification et d\u2019opposition aux donn\u00e9es personnelles le concernant.<\/p>\n<p>Le droit d\u2019acc\u00e8s s\u2019entend comme \u00e9tant la possibilit\u00e9 offerte aux internautes de consulter, modifier, voire radier les informations les concernant.<br \/>\nLe droit d\u2019opposition s\u2019entend comme \u00e9tant la possibilit\u00e9 offerte aux internautes de refuser que leurs renseignements personnels soient utilis\u00e9s \u00e0 certaines fins mentionn\u00e9es lors de la collecte.<\/p>\n<p>Le droit de retrait s\u2019entend comme \u00e9tant la possibilit\u00e9 offerte aux internautes de demander \u00e0 ce que leurs renseignements personnels ne figurent plus, par exemple, dans une liste de diffusion.<\/p>\n<p>Pour pouvoir exercer ces droits, vous pouvez nous contacter soit par\u00a0:<\/p>\n<ul>\n<li>par courrier, \u00e0 FACE Lyon M\u00e9tropole au 17 rue Jean Bourgey, 69100 Villeurbanne,<\/li>\n<li>par e-mail, \u00e0 <a tabindex=\"-1\" href=\"mailto:face.grandlyon@fondationface.org\">face.grandlyon@fondationface.org<\/a>,<\/li>\n<li>par t\u00e9l\u00e9phone, au 04 37 42 01 45.<\/li>\n<\/ul>\n<p>Nous nous engageons \u00e0 r\u00e9pondre \u00e0 votre demande dans un d\u00e9lai de 7 jours ouvrables.<\/p>\n<ol start=\"6\">\n<li><strong>S\u00e9curit\u00e9<\/strong><\/li>\n<\/ol>\n<p>Les renseignements personnels que nous collectons sont conserv\u00e9s dans un environnement s\u00e9curis\u00e9. Les personnes travaillant pour nous sont tenues de respecter la confidentialit\u00e9 de vos informations. Nous nous engageons \u00e0 maintenir un haut degr\u00e9 de confidentialit\u00e9 concernant vos donn\u00e9es personnelles.[\/vc_column_text][\/vc_column][\/vc_row]<\/p>\n<\/div>","protected":false},"excerpt":{"rendered":"<p>[vc_row full_width=&#8221;stretch_row&#8221; el_id=&#8221;headerpage&#8221; css=&#8221;.vc_custom_1684164377625{background-image: url(https:\/\/face-grandlyon.com\/wp-content\/uploads\/2023\/06\/header-qsn.png?id=93) !important;}&#8221;][vc_column][vc_column_text css_animation=&#8221;fadeIn&#8221; el_class=&#8221;txt-blanc&#8221;] Politique de confidentialit\u00e9 [\/vc_column_text][\/vc_column][\/vc_row][vc_row][vc_column][vc_column_text]FACE Lyon M\u00e9tropole s\u2019engage \u00e0 respecter la r\u00e9glementation en vigueur applicable au traitement de donn\u00e9es \u00e0 caract\u00e8re personnel et, en particulier, le r\u00e8glement (UE) du Parlement Europ\u00e9en et du Conseil du 27 avril 2016 applicable \u00e0 compter du 25 mai 2018 (aussi appel\u00e9 \u00ab [&hellip;]<\/p>\n","protected":false},"author":1,"featured_media":0,"parent":0,"menu_order":0,"comment_status":"closed","ping_status":"closed","template":"","meta":{"footnotes":""},"class_list":["post-20","page","type-page","status-publish","hentry"],"yoast_head":"<!-- This site is optimized with the Yoast SEO Premium plugin v24.8 (Yoast SEO v24.9) - https:\/\/yoast.com\/wordpress\/plugins\/seo\/ -->\n<title>Politique de confidentialit\u00e9 - Jeux de la Diversit\u00e9 - Face Lyon M\u00e9tropole<\/title>\n<meta name=\"robots\" content=\"index, follow, max-snippet:-1, max-image-preview:large, max-video-preview:-1\" \/>\n<link rel=\"canonical\" href=\"https:\/\/jeuxdeladiversite.fr\/lyon\/politique-de-confidentialite\/\" \/>\n<meta property=\"og:locale\" content=\"fr_FR\" \/>\n<meta property=\"og:type\" content=\"article\" \/>\n<meta property=\"og:title\" content=\"Politique de confidentialit\u00e9\" \/>\n<meta property=\"og:description\" content=\"[vc_row full_width=&#8221;stretch_row&#8221; el_id=&#8221;headerpage&#8221; css=&#8221;.vc_custom_1684164377625{background-image: url(https:\/\/face-grandlyon.com\/wp-content\/uploads\/2023\/06\/header-qsn.png?id=93) !important;}&#8221;][vc_column][vc_column_text css_animation=&#8221;fadeIn&#8221; el_class=&#8221;txt-blanc&#8221;] Politique de confidentialit\u00e9 [\/vc_column_text][\/vc_column][\/vc_row][vc_row][vc_column][vc_column_text]FACE Lyon M\u00e9tropole s\u2019engage \u00e0 respecter la r\u00e9glementation en vigueur applicable au traitement de donn\u00e9es \u00e0 caract\u00e8re personnel et, en particulier, le r\u00e8glement (UE) du Parlement Europ\u00e9en et du Conseil du 27 avril 2016 applicable \u00e0 compter du 25 mai 2018 (aussi appel\u00e9 \u00ab [&hellip;]\" \/>\n<meta property=\"og:url\" content=\"https:\/\/jeuxdeladiversite.fr\/lyon\/politique-de-confidentialite\/\" \/>\n<meta property=\"og:site_name\" content=\"Jeux de la Diversit\u00e9 - Face Lyon M\u00e9tropole\" \/>\n<meta property=\"article:publisher\" content=\"https:\/\/www.facebook.com\/FondationFACE\/\" \/>\n<meta property=\"article:modified_time\" content=\"2025-03-17T11:22:05+00:00\" \/>\n<meta name=\"twitter:card\" content=\"summary_large_image\" \/>\n<meta name=\"twitter:site\" content=\"@FACE_Grand_Lyon\" \/>\n<meta name=\"twitter:label1\" content=\"Dur\u00e9e de lecture estim\u00e9e\" \/>\n\t<meta name=\"twitter:data1\" content=\"3 minutes\" \/>\n<script type=\"application\/ld+json\" class=\"yoast-schema-graph\">{\"@context\":\"https:\/\/schema.org\",\"@graph\":[{\"@type\":\"WebPage\",\"@id\":\"https:\/\/jeuxdeladiversite.fr\/lyon\/politique-de-confidentialite\/\",\"url\":\"https:\/\/jeuxdeladiversite.fr\/lyon\/politique-de-confidentialite\/\",\"name\":\"Politique de confidentialit\u00e9 - Jeux de la Diversit\u00e9 - Face Lyon M\u00e9tropole\",\"isPartOf\":{\"@id\":\"https:\/\/jeuxdeladiversite.fr\/lyon\/#website\"},\"datePublished\":\"2023-05-15T11:34:18+00:00\",\"dateModified\":\"2025-03-17T11:22:05+00:00\",\"breadcrumb\":{\"@id\":\"https:\/\/jeuxdeladiversite.fr\/lyon\/politique-de-confidentialite\/#breadcrumb\"},\"inLanguage\":\"fr-FR\",\"potentialAction\":[{\"@type\":\"ReadAction\",\"target\":[\"https:\/\/jeuxdeladiversite.fr\/lyon\/politique-de-confidentialite\/\"]}]},{\"@type\":\"BreadcrumbList\",\"@id\":\"https:\/\/jeuxdeladiversite.fr\/lyon\/politique-de-confidentialite\/#breadcrumb\",\"itemListElement\":[{\"@type\":\"ListItem\",\"position\":1,\"name\":\"Accueil\",\"item\":\"https:\/\/jeuxdeladiversite.fr\/lyon\/\"},{\"@type\":\"ListItem\",\"position\":2,\"name\":\"Politique de confidentialit\u00e9\"}]},{\"@type\":\"WebSite\",\"@id\":\"https:\/\/jeuxdeladiversite.fr\/lyon\/#website\",\"url\":\"https:\/\/jeuxdeladiversite.fr\/lyon\/\",\"name\":\"Jeux de la Diversit\u00e9 - Face Lyon M\u00e9tropole\",\"description\":\"\",\"publisher\":{\"@id\":\"https:\/\/jeuxdeladiversite.fr\/lyon\/#organization\"},\"potentialAction\":[{\"@type\":\"SearchAction\",\"target\":{\"@type\":\"EntryPoint\",\"urlTemplate\":\"https:\/\/jeuxdeladiversite.fr\/lyon\/?s={search_term_string}\"},\"query-input\":{\"@type\":\"PropertyValueSpecification\",\"valueRequired\":true,\"valueName\":\"search_term_string\"}}],\"inLanguage\":\"fr-FR\"},{\"@type\":\"Organization\",\"@id\":\"https:\/\/jeuxdeladiversite.fr\/lyon\/#organization\",\"name\":\"Jeux de la Diversit\u00e9 - Face Lyon M\u00e9tropole\",\"url\":\"https:\/\/jeuxdeladiversite.fr\/lyon\/\",\"logo\":{\"@type\":\"ImageObject\",\"inLanguage\":\"fr-FR\",\"@id\":\"https:\/\/jeuxdeladiversite.fr\/lyon\/#\/schema\/logo\/image\/\",\"url\":\"https:\/\/face-grandlyon.com\/wp-content\/uploads\/2023\/06\/logo-face-grand-lyon.png\",\"contentUrl\":\"https:\/\/face-grandlyon.com\/wp-content\/uploads\/2023\/06\/logo-face-grand-lyon.png\",\"width\":374,\"height\":124,\"caption\":\"Jeux de la Diversit\u00e9 - Face Lyon M\u00e9tropole\"},\"image\":{\"@id\":\"https:\/\/jeuxdeladiversite.fr\/lyon\/#\/schema\/logo\/image\/\"},\"sameAs\":[\"https:\/\/www.facebook.com\/FondationFACE\/\",\"https:\/\/x.com\/FACE_Grand_Lyon\",\"https:\/\/www.linkedin.com\/company\/face-grandlyon\/\"]}]}<\/script>\n<!-- \/ Yoast SEO Premium plugin. -->","yoast_head_json":{"title":"Politique de confidentialit\u00e9 - Jeux de la Diversit\u00e9 - Face Lyon M\u00e9tropole","robots":{"index":"index","follow":"follow","max-snippet":"max-snippet:-1","max-image-preview":"max-image-preview:large","max-video-preview":"max-video-preview:-1"},"canonical":"https:\/\/jeuxdeladiversite.fr\/lyon\/politique-de-confidentialite\/","og_locale":"fr_FR","og_type":"article","og_title":"Politique de confidentialit\u00e9","og_description":"[vc_row full_width=&#8221;stretch_row&#8221; el_id=&#8221;headerpage&#8221; css=&#8221;.vc_custom_1684164377625{background-image: url(https:\/\/face-grandlyon.com\/wp-content\/uploads\/2023\/06\/header-qsn.png?id=93) !important;}&#8221;][vc_column][vc_column_text css_animation=&#8221;fadeIn&#8221; el_class=&#8221;txt-blanc&#8221;] Politique de confidentialit\u00e9 [\/vc_column_text][\/vc_column][\/vc_row][vc_row][vc_column][vc_column_text]FACE Lyon M\u00e9tropole s\u2019engage \u00e0 respecter la r\u00e9glementation en vigueur applicable au traitement de donn\u00e9es \u00e0 caract\u00e8re personnel et, en particulier, le r\u00e8glement (UE) du Parlement Europ\u00e9en et du Conseil du 27 avril 2016 applicable \u00e0 compter du 25 mai 2018 (aussi appel\u00e9 \u00ab [&hellip;]","og_url":"https:\/\/jeuxdeladiversite.fr\/lyon\/politique-de-confidentialite\/","og_site_name":"Jeux de la Diversit\u00e9 - Face Lyon M\u00e9tropole","article_publisher":"https:\/\/www.facebook.com\/FondationFACE\/","article_modified_time":"2025-03-17T11:22:05+00:00","twitter_card":"summary_large_image","twitter_site":"@FACE_Grand_Lyon","twitter_misc":{"Dur\u00e9e de lecture estim\u00e9e":"3 minutes"},"schema":{"@context":"https:\/\/schema.org","@graph":[{"@type":"WebPage","@id":"https:\/\/jeuxdeladiversite.fr\/lyon\/politique-de-confidentialite\/","url":"https:\/\/jeuxdeladiversite.fr\/lyon\/politique-de-confidentialite\/","name":"Politique de confidentialit\u00e9 - Jeux de la Diversit\u00e9 - Face Lyon M\u00e9tropole","isPartOf":{"@id":"https:\/\/jeuxdeladiversite.fr\/lyon\/#website"},"datePublished":"2023-05-15T11:34:18+00:00","dateModified":"2025-03-17T11:22:05+00:00","breadcrumb":{"@id":"https:\/\/jeuxdeladiversite.fr\/lyon\/politique-de-confidentialite\/#breadcrumb"},"inLanguage":"fr-FR","potentialAction":[{"@type":"ReadAction","target":["https:\/\/jeuxdeladiversite.fr\/lyon\/politique-de-confidentialite\/"]}]},{"@type":"BreadcrumbList","@id":"https:\/\/jeuxdeladiversite.fr\/lyon\/politique-de-confidentialite\/#breadcrumb","itemListElement":[{"@type":"ListItem","position":1,"name":"Accueil","item":"https:\/\/jeuxdeladiversite.fr\/lyon\/"},{"@type":"ListItem","position":2,"name":"Politique de confidentialit\u00e9"}]},{"@type":"WebSite","@id":"https:\/\/jeuxdeladiversite.fr\/lyon\/#website","url":"https:\/\/jeuxdeladiversite.fr\/lyon\/","name":"Jeux de la Diversit\u00e9 - Face Lyon M\u00e9tropole","description":"","publisher":{"@id":"https:\/\/jeuxdeladiversite.fr\/lyon\/#organization"},"potentialAction":[{"@type":"SearchAction","target":{"@type":"EntryPoint","urlTemplate":"https:\/\/jeuxdeladiversite.fr\/lyon\/?s={search_term_string}"},"query-input":{"@type":"PropertyValueSpecification","valueRequired":true,"valueName":"search_term_string"}}],"inLanguage":"fr-FR"},{"@type":"Organization","@id":"https:\/\/jeuxdeladiversite.fr\/lyon\/#organization","name":"Jeux de la Diversit\u00e9 - Face Lyon M\u00e9tropole","url":"https:\/\/jeuxdeladiversite.fr\/lyon\/","logo":{"@type":"ImageObject","inLanguage":"fr-FR","@id":"https:\/\/jeuxdeladiversite.fr\/lyon\/#\/schema\/logo\/image\/","url":"https:\/\/face-grandlyon.com\/wp-content\/uploads\/2023\/06\/logo-face-grand-lyon.png","contentUrl":"https:\/\/face-grandlyon.com\/wp-content\/uploads\/2023\/06\/logo-face-grand-lyon.png","width":374,"height":124,"caption":"Jeux de la Diversit\u00e9 - Face Lyon M\u00e9tropole"},"image":{"@id":"https:\/\/jeuxdeladiversite.fr\/lyon\/#\/schema\/logo\/image\/"},"sameAs":["https:\/\/www.facebook.com\/FondationFACE\/","https:\/\/x.com\/FACE_Grand_Lyon","https:\/\/www.linkedin.com\/company\/face-grandlyon\/"]}]}},"_links":{"self":[{"href":"https:\/\/jeuxdeladiversite.fr\/lyon\/wp-json\/wp\/v2\/pages\/20","targetHints":{"allow":["GET"]}}],"collection":[{"href":"https:\/\/jeuxdeladiversite.fr\/lyon\/wp-json\/wp\/v2\/pages"}],"about":[{"href":"https:\/\/jeuxdeladiversite.fr\/lyon\/wp-json\/wp\/v2\/types\/page"}],"author":[{"embeddable":true,"href":"https:\/\/jeuxdeladiversite.fr\/lyon\/wp-json\/wp\/v2\/users\/1"}],"replies":[{"embeddable":true,"href":"https:\/\/jeuxdeladiversite.fr\/lyon\/wp-json\/wp\/v2\/comments?post=20"}],"version-history":[{"count":1,"href":"https:\/\/jeuxdeladiversite.fr\/lyon\/wp-json\/wp\/v2\/pages\/20\/revisions"}],"predecessor-version":[{"id":8352,"href":"https:\/\/jeuxdeladiversite.fr\/lyon\/wp-json\/wp\/v2\/pages\/20\/revisions\/8352"}],"wp:attachment":[{"href":"https:\/\/jeuxdeladiversite.fr\/lyon\/wp-json\/wp\/v2\/media?parent=20"}],"curies":[{"name":"wp","href":"https:\/\/api.w.org\/{rel}","templated":true}]}}