{"id":7983,"date":"2023-11-28T10:40:46","date_gmt":"2023-11-28T09:40:46","guid":{"rendered":"https:\/\/jeuxdeladiversite.fr\/lyon\/?page_id=7983"},"modified":"2026-02-02T09:49:31","modified_gmt":"2026-02-02T08:49:31","slug":"participer-sinscrire","status":"publish","type":"page","link":"https:\/\/jeuxdeladiversite.fr\/lyon\/participer-sinscrire\/","title":{"rendered":"Participer \/ S&#8217;inscrire"},"content":{"rendered":"<div class=\"wpb-content-wrapper\"><p>[vc_row full_width=&#8221;stretch_row&#8221; css_animation=&#8221;fadeIn&#8221; el_id=&#8221;headerpage&#8221; css=&#8221;.vc_custom_1701183615966{background-image: url(https:\/\/jeuxdeladiversite.fr\/lyon\/wp-content\/uploads\/2023\/11\/Le-concept.jpg?id=7999) !important;}&#8221;][vc_column][vc_column_text css_animation=&#8221;fadeIn&#8221; css=&#8221;&#8221; el_class=&#8221;txt-blanc&#8221;]<\/p>\n<h1>Participer \/ S\u2019inscrire<\/h1>\n<p>Les inscriptions pour l&#8217;\u00e9dition 2026, pr\u00e9vue le vendredi 2 octobre 2026, ne sont pas encore ouvertes ![\/vc_column_text][\/vc_column][\/vc_row][vc_row full_width=&#8221;stretch_row&#8221; el_id=&#8221;txt-participez&#8221; css=&#8221;.vc_custom_1701183982845{padding-top: 25px !important;padding-bottom: 25px !important;}&#8221;][vc_column][vc_single_image image=&#8221;8499&#8243; img_size=&#8221;full&#8221; css=&#8221;&#8221;][vc_row_inner gap=&#8221;35&#8243;][vc_column_inner width=&#8221;1\/2&#8243;][vc_column_text css=&#8221;.vc_custom_1701184205224{margin-bottom: 0px !important;}&#8221;]<\/p>\n<p style=\"text-align: center;\"><a class=\"btn1\" href=\"https:\/\/jeuxdeladiversite.fr\/lyon\/participer-sinscrire\/je-participe-au-job-dating\/\">Je participe au Job Dating<\/a><\/p>\n<p>[\/vc_column_text][vc_column_text css=&#8221;.vc_custom_1701184214339{margin-bottom: 0px !important;}&#8221;]<\/p>\n<p style=\"text-align: center;\"><a class=\"btn1\" href=\"https:\/\/jeuxdeladiversite.fr\/lyon\/participer-sinscrire\/je-veux-etre-benevole\/\">Je veux \u00eatre b\u00e9n\u00e9vole <\/a><\/p>\n<p>[\/vc_column_text][\/vc_column_inner][vc_column_inner width=&#8221;1\/2&#8243;][vc_column_text css=&#8221;.vc_custom_1701184223588{margin-bottom: 0px !important;}&#8221;]<\/p>\n<p style=\"text-align: center;\"><a class=\"btn1\" href=\"https:\/\/jeuxdeladiversite.fr\/lyon\/participer-sinscrire\/je-participe-a-la-course-ou-a-la-marche\/\">Je participe \u00e0 la course ou \u00e0 la marche <\/a><\/p>\n<p>[\/vc_column_text][vc_column_text css=&#8221;.vc_custom_1701184231877{margin-bottom: 0px !important;}&#8221;]<\/p>\n<p style=\"text-align: center;\"><a class=\"btn1\" href=\"https:\/\/jeuxdeladiversite.fr\/lyon\/participer-sinscrire\/je-participe-au-challenge-collectif-dragon-boats\/\">Je participe au challenge collectif (Dragon Boats) <\/a><\/p>\n<p>[\/vc_column_text][\/vc_column_inner][\/vc_row_inner][\/vc_column][\/vc_row][vc_row css=&#8221;.vc_custom_1701185897435{margin-top: 60px !important;margin-bottom: 60px !important;}&#8221; el_id=&#8221;soutenir-event&#8221;][vc_column][vc_custom_heading text=&#8221;Je soutiens l\u2019\u00e9v\u00e9nement&#8221; use_theme_fonts=&#8221;yes&#8221;][vc_row_inner equal_height=&#8221;yes&#8221; content_placement=&#8221;middle&#8221; gap=&#8221;30&#8243;][vc_column_inner width=&#8221;1\/2&#8243;][vc_single_image image=&#8221;8333&#8243; img_size=&#8221;full&#8221;][\/vc_column_inner][vc_column_inner width=&#8221;1\/2&#8243;][vc_column_text]Soutenez l\u2019\u00e9v\u00e9nement et les actions de FACE Grand Lyon au travers d\u2019un don libre !<br \/>\n(\u00e9ligible \u00e0 la r\u00e9duction fiscale)<\/p>\n<p><strong>Contactez Ghislaine TITOULET<\/strong><br \/>\n<em>Responsable de l\u2019engagement des entreprises<\/em><br \/>\n06 87 60 92 03<br \/>\n<a href=\"mailto:g.titoulet@fondationface.org\">g.titoulet@fondationface.org<\/a>[\/vc_column_text][\/vc_column_inner][\/vc_row_inner][\/vc_column][\/vc_row]<\/p>\n<\/div>","protected":false},"excerpt":{"rendered":"<p>[vc_row full_width=&#8221;stretch_row&#8221; css_animation=&#8221;fadeIn&#8221; el_id=&#8221;headerpage&#8221; css=&#8221;.vc_custom_1701183615966{background-image: url(https:\/\/jeuxdeladiversite.fr\/lyon\/wp-content\/uploads\/2023\/11\/Le-concept.jpg?id=7999) !important;}&#8221;][vc_column][vc_column_text css_animation=&#8221;fadeIn&#8221; css=&#8221;&#8221; el_class=&#8221;txt-blanc&#8221;] Participer \/ S\u2019inscrire Les inscriptions pour l&#8217;\u00e9dition 2026, pr\u00e9vue le vendredi 2 octobre 2026, ne sont pas encore ouvertes ![\/vc_column_text][\/vc_column][\/vc_row][vc_row full_width=&#8221;stretch_row&#8221; el_id=&#8221;txt-participez&#8221; css=&#8221;.vc_custom_1701183982845{padding-top: 25px !important;padding-bottom: 25px !important;}&#8221;][vc_column][vc_single_image image=&#8221;8499&#8243; img_size=&#8221;full&#8221; css=&#8221;&#8221;][vc_row_inner gap=&#8221;35&#8243;][vc_column_inner width=&#8221;1\/2&#8243;][vc_column_text css=&#8221;.vc_custom_1701184205224{margin-bottom: 0px !important;}&#8221;] Je participe au Job Dating [\/vc_column_text][vc_column_text css=&#8221;.vc_custom_1701184214339{margin-bottom: 0px !important;}&#8221;] Je [&hellip;]<\/p>\n","protected":false},"author":1,"featured_media":0,"parent":0,"menu_order":0,"comment_status":"closed","ping_status":"closed","template":"","meta":{"footnotes":""},"class_list":["post-7983","page","type-page","status-publish","hentry"],"yoast_head":"<!-- This site is optimized with the Yoast SEO Premium plugin v24.8 (Yoast SEO v24.9) - https:\/\/yoast.com\/wordpress\/plugins\/seo\/ -->\n<title>Participer \/ S&#039;inscrire - Jeux de la Diversit\u00e9 - Face Lyon M\u00e9tropole<\/title>\n<meta name=\"robots\" content=\"index, follow, max-snippet:-1, max-image-preview:large, max-video-preview:-1\" \/>\n<link rel=\"canonical\" href=\"https:\/\/jeuxdeladiversite.fr\/lyon\/participer-sinscrire\/\" \/>\n<meta property=\"og:locale\" content=\"fr_FR\" \/>\n<meta property=\"og:type\" content=\"article\" \/>\n<meta property=\"og:title\" content=\"Participer \/ S&#039;inscrire\" \/>\n<meta property=\"og:description\" content=\"[vc_row full_width=&#8221;stretch_row&#8221; css_animation=&#8221;fadeIn&#8221; el_id=&#8221;headerpage&#8221; css=&#8221;.vc_custom_1701183615966{background-image: url(https:\/\/jeuxdeladiversite.fr\/lyon\/wp-content\/uploads\/2023\/11\/Le-concept.jpg?id=7999) !important;}&#8221;][vc_column][vc_column_text css_animation=&#8221;fadeIn&#8221; css=&#8221;&#8221; el_class=&#8221;txt-blanc&#8221;] Participer \/ S\u2019inscrire Les inscriptions pour l&#8217;\u00e9dition 2026, pr\u00e9vue le vendredi 2 octobre 2026, ne sont pas encore ouvertes ![\/vc_column_text][\/vc_column][\/vc_row][vc_row full_width=&#8221;stretch_row&#8221; el_id=&#8221;txt-participez&#8221; css=&#8221;.vc_custom_1701183982845{padding-top: 25px !important;padding-bottom: 25px !important;}&#8221;][vc_column][vc_single_image image=&#8221;8499&#8243; img_size=&#8221;full&#8221; css=&#8221;&#8221;][vc_row_inner gap=&#8221;35&#8243;][vc_column_inner width=&#8221;1\/2&#8243;][vc_column_text css=&#8221;.vc_custom_1701184205224{margin-bottom: 0px !important;}&#8221;] Je participe au Job Dating [\/vc_column_text][vc_column_text css=&#8221;.vc_custom_1701184214339{margin-bottom: 0px !important;}&#8221;] Je [&hellip;]\" \/>\n<meta property=\"og:url\" content=\"https:\/\/jeuxdeladiversite.fr\/lyon\/participer-sinscrire\/\" \/>\n<meta property=\"og:site_name\" content=\"Jeux de la Diversit\u00e9 - Face Lyon M\u00e9tropole\" \/>\n<meta property=\"article:publisher\" content=\"https:\/\/www.facebook.com\/FondationFACE\/\" \/>\n<meta property=\"article:modified_time\" content=\"2026-02-02T08:49:31+00:00\" \/>\n<meta name=\"twitter:card\" content=\"summary_large_image\" \/>\n<meta name=\"twitter:site\" content=\"@FACE_Grand_Lyon\" \/>\n<meta name=\"twitter:label1\" content=\"Dur\u00e9e de lecture estim\u00e9e\" \/>\n\t<meta name=\"twitter:data1\" content=\"1 minute\" \/>\n<script type=\"application\/ld+json\" class=\"yoast-schema-graph\">{\"@context\":\"https:\/\/schema.org\",\"@graph\":[{\"@type\":\"WebPage\",\"@id\":\"https:\/\/jeuxdeladiversite.fr\/lyon\/participer-sinscrire\/\",\"url\":\"https:\/\/jeuxdeladiversite.fr\/lyon\/participer-sinscrire\/\",\"name\":\"Participer \/ S'inscrire - Jeux de la Diversit\u00e9 - Face Lyon M\u00e9tropole\",\"isPartOf\":{\"@id\":\"https:\/\/jeuxdeladiversite.fr\/lyon\/#website\"},\"datePublished\":\"2023-11-28T09:40:46+00:00\",\"dateModified\":\"2026-02-02T08:49:31+00:00\",\"breadcrumb\":{\"@id\":\"https:\/\/jeuxdeladiversite.fr\/lyon\/participer-sinscrire\/#breadcrumb\"},\"inLanguage\":\"fr-FR\",\"potentialAction\":[{\"@type\":\"ReadAction\",\"target\":[\"https:\/\/jeuxdeladiversite.fr\/lyon\/participer-sinscrire\/\"]}]},{\"@type\":\"BreadcrumbList\",\"@id\":\"https:\/\/jeuxdeladiversite.fr\/lyon\/participer-sinscrire\/#breadcrumb\",\"itemListElement\":[{\"@type\":\"ListItem\",\"position\":1,\"name\":\"Accueil\",\"item\":\"https:\/\/jeuxdeladiversite.fr\/lyon\/\"},{\"@type\":\"ListItem\",\"position\":2,\"name\":\"Participer \/ S&#8217;inscrire\"}]},{\"@type\":\"WebSite\",\"@id\":\"https:\/\/jeuxdeladiversite.fr\/lyon\/#website\",\"url\":\"https:\/\/jeuxdeladiversite.fr\/lyon\/\",\"name\":\"Jeux de la Diversit\u00e9 - Face Lyon M\u00e9tropole\",\"description\":\"\",\"publisher\":{\"@id\":\"https:\/\/jeuxdeladiversite.fr\/lyon\/#organization\"},\"potentialAction\":[{\"@type\":\"SearchAction\",\"target\":{\"@type\":\"EntryPoint\",\"urlTemplate\":\"https:\/\/jeuxdeladiversite.fr\/lyon\/?s={search_term_string}\"},\"query-input\":{\"@type\":\"PropertyValueSpecification\",\"valueRequired\":true,\"valueName\":\"search_term_string\"}}],\"inLanguage\":\"fr-FR\"},{\"@type\":\"Organization\",\"@id\":\"https:\/\/jeuxdeladiversite.fr\/lyon\/#organization\",\"name\":\"Jeux de la Diversit\u00e9 - Face Lyon M\u00e9tropole\",\"url\":\"https:\/\/jeuxdeladiversite.fr\/lyon\/\",\"logo\":{\"@type\":\"ImageObject\",\"inLanguage\":\"fr-FR\",\"@id\":\"https:\/\/jeuxdeladiversite.fr\/lyon\/#\/schema\/logo\/image\/\",\"url\":\"https:\/\/face-grandlyon.com\/wp-content\/uploads\/2023\/06\/logo-face-grand-lyon.png\",\"contentUrl\":\"https:\/\/face-grandlyon.com\/wp-content\/uploads\/2023\/06\/logo-face-grand-lyon.png\",\"width\":374,\"height\":124,\"caption\":\"Jeux de la Diversit\u00e9 - Face Lyon M\u00e9tropole\"},\"image\":{\"@id\":\"https:\/\/jeuxdeladiversite.fr\/lyon\/#\/schema\/logo\/image\/\"},\"sameAs\":[\"https:\/\/www.facebook.com\/FondationFACE\/\",\"https:\/\/x.com\/FACE_Grand_Lyon\",\"https:\/\/www.linkedin.com\/company\/face-grandlyon\/\"]}]}<\/script>\n<!-- \/ Yoast SEO Premium plugin. -->","yoast_head_json":{"title":"Participer \/ S'inscrire - Jeux de la Diversit\u00e9 - Face Lyon M\u00e9tropole","robots":{"index":"index","follow":"follow","max-snippet":"max-snippet:-1","max-image-preview":"max-image-preview:large","max-video-preview":"max-video-preview:-1"},"canonical":"https:\/\/jeuxdeladiversite.fr\/lyon\/participer-sinscrire\/","og_locale":"fr_FR","og_type":"article","og_title":"Participer \/ S'inscrire","og_description":"[vc_row full_width=&#8221;stretch_row&#8221; css_animation=&#8221;fadeIn&#8221; el_id=&#8221;headerpage&#8221; css=&#8221;.vc_custom_1701183615966{background-image: url(https:\/\/jeuxdeladiversite.fr\/lyon\/wp-content\/uploads\/2023\/11\/Le-concept.jpg?id=7999) !important;}&#8221;][vc_column][vc_column_text css_animation=&#8221;fadeIn&#8221; css=&#8221;&#8221; el_class=&#8221;txt-blanc&#8221;] Participer \/ S\u2019inscrire Les inscriptions pour l&#8217;\u00e9dition 2026, pr\u00e9vue le vendredi 2 octobre 2026, ne sont pas encore ouvertes ![\/vc_column_text][\/vc_column][\/vc_row][vc_row full_width=&#8221;stretch_row&#8221; el_id=&#8221;txt-participez&#8221; css=&#8221;.vc_custom_1701183982845{padding-top: 25px !important;padding-bottom: 25px !important;}&#8221;][vc_column][vc_single_image image=&#8221;8499&#8243; img_size=&#8221;full&#8221; css=&#8221;&#8221;][vc_row_inner gap=&#8221;35&#8243;][vc_column_inner width=&#8221;1\/2&#8243;][vc_column_text css=&#8221;.vc_custom_1701184205224{margin-bottom: 0px !important;}&#8221;] Je participe au Job Dating [\/vc_column_text][vc_column_text css=&#8221;.vc_custom_1701184214339{margin-bottom: 0px !important;}&#8221;] Je [&hellip;]","og_url":"https:\/\/jeuxdeladiversite.fr\/lyon\/participer-sinscrire\/","og_site_name":"Jeux de la Diversit\u00e9 - Face Lyon M\u00e9tropole","article_publisher":"https:\/\/www.facebook.com\/FondationFACE\/","article_modified_time":"2026-02-02T08:49:31+00:00","twitter_card":"summary_large_image","twitter_site":"@FACE_Grand_Lyon","twitter_misc":{"Dur\u00e9e de lecture estim\u00e9e":"1 minute"},"schema":{"@context":"https:\/\/schema.org","@graph":[{"@type":"WebPage","@id":"https:\/\/jeuxdeladiversite.fr\/lyon\/participer-sinscrire\/","url":"https:\/\/jeuxdeladiversite.fr\/lyon\/participer-sinscrire\/","name":"Participer \/ S'inscrire - Jeux de la Diversit\u00e9 - Face Lyon M\u00e9tropole","isPartOf":{"@id":"https:\/\/jeuxdeladiversite.fr\/lyon\/#website"},"datePublished":"2023-11-28T09:40:46+00:00","dateModified":"2026-02-02T08:49:31+00:00","breadcrumb":{"@id":"https:\/\/jeuxdeladiversite.fr\/lyon\/participer-sinscrire\/#breadcrumb"},"inLanguage":"fr-FR","potentialAction":[{"@type":"ReadAction","target":["https:\/\/jeuxdeladiversite.fr\/lyon\/participer-sinscrire\/"]}]},{"@type":"BreadcrumbList","@id":"https:\/\/jeuxdeladiversite.fr\/lyon\/participer-sinscrire\/#breadcrumb","itemListElement":[{"@type":"ListItem","position":1,"name":"Accueil","item":"https:\/\/jeuxdeladiversite.fr\/lyon\/"},{"@type":"ListItem","position":2,"name":"Participer \/ S&#8217;inscrire"}]},{"@type":"WebSite","@id":"https:\/\/jeuxdeladiversite.fr\/lyon\/#website","url":"https:\/\/jeuxdeladiversite.fr\/lyon\/","name":"Jeux de la Diversit\u00e9 - Face Lyon M\u00e9tropole","description":"","publisher":{"@id":"https:\/\/jeuxdeladiversite.fr\/lyon\/#organization"},"potentialAction":[{"@type":"SearchAction","target":{"@type":"EntryPoint","urlTemplate":"https:\/\/jeuxdeladiversite.fr\/lyon\/?s={search_term_string}"},"query-input":{"@type":"PropertyValueSpecification","valueRequired":true,"valueName":"search_term_string"}}],"inLanguage":"fr-FR"},{"@type":"Organization","@id":"https:\/\/jeuxdeladiversite.fr\/lyon\/#organization","name":"Jeux de la Diversit\u00e9 - Face Lyon M\u00e9tropole","url":"https:\/\/jeuxdeladiversite.fr\/lyon\/","logo":{"@type":"ImageObject","inLanguage":"fr-FR","@id":"https:\/\/jeuxdeladiversite.fr\/lyon\/#\/schema\/logo\/image\/","url":"https:\/\/face-grandlyon.com\/wp-content\/uploads\/2023\/06\/logo-face-grand-lyon.png","contentUrl":"https:\/\/face-grandlyon.com\/wp-content\/uploads\/2023\/06\/logo-face-grand-lyon.png","width":374,"height":124,"caption":"Jeux de la Diversit\u00e9 - Face Lyon M\u00e9tropole"},"image":{"@id":"https:\/\/jeuxdeladiversite.fr\/lyon\/#\/schema\/logo\/image\/"},"sameAs":["https:\/\/www.facebook.com\/FondationFACE\/","https:\/\/x.com\/FACE_Grand_Lyon","https:\/\/www.linkedin.com\/company\/face-grandlyon\/"]}]}},"_links":{"self":[{"href":"https:\/\/jeuxdeladiversite.fr\/lyon\/wp-json\/wp\/v2\/pages\/7983","targetHints":{"allow":["GET"]}}],"collection":[{"href":"https:\/\/jeuxdeladiversite.fr\/lyon\/wp-json\/wp\/v2\/pages"}],"about":[{"href":"https:\/\/jeuxdeladiversite.fr\/lyon\/wp-json\/wp\/v2\/types\/page"}],"author":[{"embeddable":true,"href":"https:\/\/jeuxdeladiversite.fr\/lyon\/wp-json\/wp\/v2\/users\/1"}],"replies":[{"embeddable":true,"href":"https:\/\/jeuxdeladiversite.fr\/lyon\/wp-json\/wp\/v2\/comments?post=7983"}],"version-history":[{"count":6,"href":"https:\/\/jeuxdeladiversite.fr\/lyon\/wp-json\/wp\/v2\/pages\/7983\/revisions"}],"predecessor-version":[{"id":8585,"href":"https:\/\/jeuxdeladiversite.fr\/lyon\/wp-json\/wp\/v2\/pages\/7983\/revisions\/8585"}],"wp:attachment":[{"href":"https:\/\/jeuxdeladiversite.fr\/lyon\/wp-json\/wp\/v2\/media?parent=7983"}],"curies":[{"name":"wp","href":"https:\/\/api.w.org\/{rel}","templated":true}]}}