{"id":7988,"date":"2023-11-28T10:41:23","date_gmt":"2023-11-28T09:41:23","guid":{"rendered":"https:\/\/jeuxdeladiversite.fr\/lyon\/?page_id=7988"},"modified":"2024-04-17T10:11:19","modified_gmt":"2024-04-17T08:11:19","slug":"certificat-medical","status":"publish","type":"page","link":"https:\/\/jeuxdeladiversite.fr\/lyon\/certificat-medical\/","title":{"rendered":"Certificat m\u00e9dical"},"content":{"rendered":"<div class=\"wpb-content-wrapper\"><p>[vc_row full_width=&#8221;stretch_row&#8221; css_animation=&#8221;fadeIn&#8221; el_id=&#8221;headerpage&#8221; css=&#8221;.vc_custom_1701168523178{background-image: url(https:\/\/jeuxdeladiversite.fr\/lyon\/wp-content\/uploads\/2023\/11\/club-entreprise-scaled.webp?id=8038) !important;}&#8221;][vc_column][vc_column_text css_animation=&#8221;fadeIn&#8221; el_class=&#8221;txt-blanc&#8221;]<\/p>\n<h1>D\u00e9charge de responsabilit\u00e9<br \/>\net certificat m\u00e9dical<\/h1>\n<p>[\/vc_column_text][\/vc_column][\/vc_row][vc_row full_width=&#8221;stretch_row&#8221; el_id=&#8221;txt-club-entreprise&#8221; css=&#8221;.vc_custom_1684219978670{padding-top: 25px !important;padding-bottom: 25px !important;}&#8221;][vc_column][vc_row_inner gap=&#8221;35&#8243;][vc_column_inner width=&#8221;1\/2&#8243;][vc_column_text css_animation=&#8221;fadeInLeft&#8221;]<strong>Pour \u00eatre valide, votre certificat m\u00e9dical doit \u00eatre dat\u00e9 de moins d\u2019un an \u00e0 la date de l\u2019\u00e9v\u00e9nement et doit pr\u00e9senter une des mentions suivantes\u00a0:<\/strong><\/p>\n<ul>\n<li>\u00ab non contre-indication \u00e0 la pratique de l\u2019athl\u00e9tisme en comp\u00e9tition \u00bb<\/li>\n<li>\u00ab non contre-indication \u00e0 la pratique de la course \u00e0 pied en comp\u00e9tition \u00bb<\/li>\n<li>\u00ab non contre-indication \u00e0 la pratique du sport en comp\u00e9tition \u00bb<\/li>\n<\/ul>\n<p>Attention : la marche du\u00a0 2,5km et 5km \u00a0n\u2019\u00e9tant pas chronom\u00e9tr\u00e9, le certificat m\u00e9dical n\u2019est pas requis pour cette \u00e9preuve.<\/p>\n<p style=\"margin-top: 30px;\"><a class=\"btn1\" href=\"https:\/\/jeuxdeladiversite.fr\/lyon\/wp-content\/uploads\/2023\/11\/Modele-certificat-medical.pdf\">Mod\u00e8le de certificat\u00a0ici<\/a><\/p>\n<p><a class=\"btn1\" href=\"https:\/\/cdn.pps.athle.fr\/\">Obtenir l&#8217;attestation de Parcours Pr\u00e9vention Sant\u00e9<\/a>[\/vc_column_text][\/vc_column_inner][vc_column_inner width=&#8221;1\/2&#8243;][vc_column_text css_animation=&#8221;fadeInRight&#8221;]Si vous n\u2019\u00eates pas en capacit\u00e9 d\u2019obtenir un certificat m\u00e9dical, vous pouvez compl\u00e9ter le formulaire de Parcours Pr\u00e9vention Sant\u00e9 :<\/p>\n<p>Parcours de Pr\u00e9vention Sant\u00e9, est un outil en quatre \u00e9tapes de sensibilisation aux risques, aux pr\u00e9cautions et aux recommandations li\u00e9s \u00e0 la sant\u00e9 des coureur.euse.s. Au terme de ce parcours, vous pourrez t\u00e9l\u00e9charger une attestation \u00e0 remettre \u00e0 nous remettre lors de votre inscription.<\/p>\n<p>Dur\u00e9e du formulaire : 4min top chrono.<\/p>\n<p>Le PPS est valable pendant 3 mois.[\/vc_column_text][\/vc_column_inner][\/vc_row_inner][\/vc_column][\/vc_row]<\/p>\n<\/div>","protected":false},"excerpt":{"rendered":"<p>[vc_row full_width=&#8221;stretch_row&#8221; css_animation=&#8221;fadeIn&#8221; el_id=&#8221;headerpage&#8221; css=&#8221;.vc_custom_1701168523178{background-image: url(https:\/\/jeuxdeladiversite.fr\/lyon\/wp-content\/uploads\/2023\/11\/club-entreprise-scaled.webp?id=8038) !important;}&#8221;][vc_column][vc_column_text css_animation=&#8221;fadeIn&#8221; el_class=&#8221;txt-blanc&#8221;] D\u00e9charge de responsabilit\u00e9 et certificat m\u00e9dical [\/vc_column_text][\/vc_column][\/vc_row][vc_row full_width=&#8221;stretch_row&#8221; el_id=&#8221;txt-club-entreprise&#8221; css=&#8221;.vc_custom_1684219978670{padding-top: 25px !important;padding-bottom: 25px !important;}&#8221;][vc_column][vc_row_inner gap=&#8221;35&#8243;][vc_column_inner width=&#8221;1\/2&#8243;][vc_column_text css_animation=&#8221;fadeInLeft&#8221;]Pour \u00eatre valide, votre certificat m\u00e9dical doit \u00eatre dat\u00e9 de moins d\u2019un an \u00e0 la date de l\u2019\u00e9v\u00e9nement et doit pr\u00e9senter une des mentions suivantes\u00a0: \u00ab non contre-indication \u00e0 la [&hellip;]<\/p>\n","protected":false},"author":1,"featured_media":0,"parent":0,"menu_order":0,"comment_status":"closed","ping_status":"closed","template":"","meta":{"footnotes":""},"class_list":["post-7988","page","type-page","status-publish","hentry"],"yoast_head":"<!-- This site is optimized with the Yoast SEO Premium plugin v24.8 (Yoast SEO v24.9) - https:\/\/yoast.com\/wordpress\/plugins\/seo\/ -->\n<title>Certificat m\u00e9dical - Jeux de la Diversit\u00e9 - Face Lyon M\u00e9tropole<\/title>\n<meta name=\"robots\" content=\"index, follow, max-snippet:-1, max-image-preview:large, max-video-preview:-1\" \/>\n<link rel=\"canonical\" href=\"https:\/\/jeuxdeladiversite.fr\/lyon\/certificat-medical\/\" \/>\n<meta property=\"og:locale\" content=\"fr_FR\" \/>\n<meta property=\"og:type\" content=\"article\" \/>\n<meta property=\"og:title\" content=\"Certificat m\u00e9dical\" \/>\n<meta property=\"og:description\" content=\"[vc_row full_width=&#8221;stretch_row&#8221; css_animation=&#8221;fadeIn&#8221; el_id=&#8221;headerpage&#8221; css=&#8221;.vc_custom_1701168523178{background-image: url(https:\/\/jeuxdeladiversite.fr\/lyon\/wp-content\/uploads\/2023\/11\/club-entreprise-scaled.webp?id=8038) !important;}&#8221;][vc_column][vc_column_text css_animation=&#8221;fadeIn&#8221; el_class=&#8221;txt-blanc&#8221;] D\u00e9charge de responsabilit\u00e9 et certificat m\u00e9dical [\/vc_column_text][\/vc_column][\/vc_row][vc_row full_width=&#8221;stretch_row&#8221; el_id=&#8221;txt-club-entreprise&#8221; css=&#8221;.vc_custom_1684219978670{padding-top: 25px !important;padding-bottom: 25px !important;}&#8221;][vc_column][vc_row_inner gap=&#8221;35&#8243;][vc_column_inner width=&#8221;1\/2&#8243;][vc_column_text css_animation=&#8221;fadeInLeft&#8221;]Pour \u00eatre valide, votre certificat m\u00e9dical doit \u00eatre dat\u00e9 de moins d\u2019un an \u00e0 la date de l\u2019\u00e9v\u00e9nement et doit pr\u00e9senter une des mentions suivantes\u00a0: \u00ab non contre-indication \u00e0 la [&hellip;]\" \/>\n<meta property=\"og:url\" content=\"https:\/\/jeuxdeladiversite.fr\/lyon\/certificat-medical\/\" \/>\n<meta property=\"og:site_name\" content=\"Jeux de la Diversit\u00e9 - Face Lyon M\u00e9tropole\" \/>\n<meta property=\"article:publisher\" content=\"https:\/\/www.facebook.com\/FondationFACE\/\" \/>\n<meta property=\"article:modified_time\" content=\"2024-04-17T08:11:19+00:00\" \/>\n<meta name=\"twitter:card\" content=\"summary_large_image\" \/>\n<meta name=\"twitter:site\" content=\"@FACE_Grand_Lyon\" \/>\n<meta name=\"twitter:label1\" content=\"Dur\u00e9e de lecture estim\u00e9e\" \/>\n\t<meta name=\"twitter:data1\" content=\"1 minute\" \/>\n<script type=\"application\/ld+json\" class=\"yoast-schema-graph\">{\"@context\":\"https:\/\/schema.org\",\"@graph\":[{\"@type\":\"WebPage\",\"@id\":\"https:\/\/jeuxdeladiversite.fr\/lyon\/certificat-medical\/\",\"url\":\"https:\/\/jeuxdeladiversite.fr\/lyon\/certificat-medical\/\",\"name\":\"Certificat m\u00e9dical - Jeux de la Diversit\u00e9 - Face Lyon M\u00e9tropole\",\"isPartOf\":{\"@id\":\"https:\/\/jeuxdeladiversite.fr\/lyon\/#website\"},\"datePublished\":\"2023-11-28T09:41:23+00:00\",\"dateModified\":\"2024-04-17T08:11:19+00:00\",\"breadcrumb\":{\"@id\":\"https:\/\/jeuxdeladiversite.fr\/lyon\/certificat-medical\/#breadcrumb\"},\"inLanguage\":\"fr-FR\",\"potentialAction\":[{\"@type\":\"ReadAction\",\"target\":[\"https:\/\/jeuxdeladiversite.fr\/lyon\/certificat-medical\/\"]}]},{\"@type\":\"BreadcrumbList\",\"@id\":\"https:\/\/jeuxdeladiversite.fr\/lyon\/certificat-medical\/#breadcrumb\",\"itemListElement\":[{\"@type\":\"ListItem\",\"position\":1,\"name\":\"Accueil\",\"item\":\"https:\/\/jeuxdeladiversite.fr\/lyon\/\"},{\"@type\":\"ListItem\",\"position\":2,\"name\":\"Certificat m\u00e9dical\"}]},{\"@type\":\"WebSite\",\"@id\":\"https:\/\/jeuxdeladiversite.fr\/lyon\/#website\",\"url\":\"https:\/\/jeuxdeladiversite.fr\/lyon\/\",\"name\":\"Jeux de la Diversit\u00e9 - Face Lyon M\u00e9tropole\",\"description\":\"\",\"publisher\":{\"@id\":\"https:\/\/jeuxdeladiversite.fr\/lyon\/#organization\"},\"potentialAction\":[{\"@type\":\"SearchAction\",\"target\":{\"@type\":\"EntryPoint\",\"urlTemplate\":\"https:\/\/jeuxdeladiversite.fr\/lyon\/?s={search_term_string}\"},\"query-input\":{\"@type\":\"PropertyValueSpecification\",\"valueRequired\":true,\"valueName\":\"search_term_string\"}}],\"inLanguage\":\"fr-FR\"},{\"@type\":\"Organization\",\"@id\":\"https:\/\/jeuxdeladiversite.fr\/lyon\/#organization\",\"name\":\"Jeux de la Diversit\u00e9 - Face Lyon M\u00e9tropole\",\"url\":\"https:\/\/jeuxdeladiversite.fr\/lyon\/\",\"logo\":{\"@type\":\"ImageObject\",\"inLanguage\":\"fr-FR\",\"@id\":\"https:\/\/jeuxdeladiversite.fr\/lyon\/#\/schema\/logo\/image\/\",\"url\":\"https:\/\/face-grandlyon.com\/wp-content\/uploads\/2023\/06\/logo-face-grand-lyon.png\",\"contentUrl\":\"https:\/\/face-grandlyon.com\/wp-content\/uploads\/2023\/06\/logo-face-grand-lyon.png\",\"width\":374,\"height\":124,\"caption\":\"Jeux de la Diversit\u00e9 - Face Lyon M\u00e9tropole\"},\"image\":{\"@id\":\"https:\/\/jeuxdeladiversite.fr\/lyon\/#\/schema\/logo\/image\/\"},\"sameAs\":[\"https:\/\/www.facebook.com\/FondationFACE\/\",\"https:\/\/x.com\/FACE_Grand_Lyon\",\"https:\/\/www.linkedin.com\/company\/face-grandlyon\/\"]}]}<\/script>\n<!-- \/ Yoast SEO Premium plugin. -->","yoast_head_json":{"title":"Certificat m\u00e9dical - Jeux de la Diversit\u00e9 - Face Lyon M\u00e9tropole","robots":{"index":"index","follow":"follow","max-snippet":"max-snippet:-1","max-image-preview":"max-image-preview:large","max-video-preview":"max-video-preview:-1"},"canonical":"https:\/\/jeuxdeladiversite.fr\/lyon\/certificat-medical\/","og_locale":"fr_FR","og_type":"article","og_title":"Certificat m\u00e9dical","og_description":"[vc_row full_width=&#8221;stretch_row&#8221; css_animation=&#8221;fadeIn&#8221; el_id=&#8221;headerpage&#8221; css=&#8221;.vc_custom_1701168523178{background-image: url(https:\/\/jeuxdeladiversite.fr\/lyon\/wp-content\/uploads\/2023\/11\/club-entreprise-scaled.webp?id=8038) !important;}&#8221;][vc_column][vc_column_text css_animation=&#8221;fadeIn&#8221; el_class=&#8221;txt-blanc&#8221;] D\u00e9charge de responsabilit\u00e9 et certificat m\u00e9dical [\/vc_column_text][\/vc_column][\/vc_row][vc_row full_width=&#8221;stretch_row&#8221; el_id=&#8221;txt-club-entreprise&#8221; css=&#8221;.vc_custom_1684219978670{padding-top: 25px !important;padding-bottom: 25px !important;}&#8221;][vc_column][vc_row_inner gap=&#8221;35&#8243;][vc_column_inner width=&#8221;1\/2&#8243;][vc_column_text css_animation=&#8221;fadeInLeft&#8221;]Pour \u00eatre valide, votre certificat m\u00e9dical doit \u00eatre dat\u00e9 de moins d\u2019un an \u00e0 la date de l\u2019\u00e9v\u00e9nement et doit pr\u00e9senter une des mentions suivantes\u00a0: \u00ab non contre-indication \u00e0 la [&hellip;]","og_url":"https:\/\/jeuxdeladiversite.fr\/lyon\/certificat-medical\/","og_site_name":"Jeux de la Diversit\u00e9 - Face Lyon M\u00e9tropole","article_publisher":"https:\/\/www.facebook.com\/FondationFACE\/","article_modified_time":"2024-04-17T08:11:19+00:00","twitter_card":"summary_large_image","twitter_site":"@FACE_Grand_Lyon","twitter_misc":{"Dur\u00e9e de lecture estim\u00e9e":"1 minute"},"schema":{"@context":"https:\/\/schema.org","@graph":[{"@type":"WebPage","@id":"https:\/\/jeuxdeladiversite.fr\/lyon\/certificat-medical\/","url":"https:\/\/jeuxdeladiversite.fr\/lyon\/certificat-medical\/","name":"Certificat m\u00e9dical - Jeux de la Diversit\u00e9 - Face Lyon M\u00e9tropole","isPartOf":{"@id":"https:\/\/jeuxdeladiversite.fr\/lyon\/#website"},"datePublished":"2023-11-28T09:41:23+00:00","dateModified":"2024-04-17T08:11:19+00:00","breadcrumb":{"@id":"https:\/\/jeuxdeladiversite.fr\/lyon\/certificat-medical\/#breadcrumb"},"inLanguage":"fr-FR","potentialAction":[{"@type":"ReadAction","target":["https:\/\/jeuxdeladiversite.fr\/lyon\/certificat-medical\/"]}]},{"@type":"BreadcrumbList","@id":"https:\/\/jeuxdeladiversite.fr\/lyon\/certificat-medical\/#breadcrumb","itemListElement":[{"@type":"ListItem","position":1,"name":"Accueil","item":"https:\/\/jeuxdeladiversite.fr\/lyon\/"},{"@type":"ListItem","position":2,"name":"Certificat m\u00e9dical"}]},{"@type":"WebSite","@id":"https:\/\/jeuxdeladiversite.fr\/lyon\/#website","url":"https:\/\/jeuxdeladiversite.fr\/lyon\/","name":"Jeux de la Diversit\u00e9 - Face Lyon M\u00e9tropole","description":"","publisher":{"@id":"https:\/\/jeuxdeladiversite.fr\/lyon\/#organization"},"potentialAction":[{"@type":"SearchAction","target":{"@type":"EntryPoint","urlTemplate":"https:\/\/jeuxdeladiversite.fr\/lyon\/?s={search_term_string}"},"query-input":{"@type":"PropertyValueSpecification","valueRequired":true,"valueName":"search_term_string"}}],"inLanguage":"fr-FR"},{"@type":"Organization","@id":"https:\/\/jeuxdeladiversite.fr\/lyon\/#organization","name":"Jeux de la Diversit\u00e9 - Face Lyon M\u00e9tropole","url":"https:\/\/jeuxdeladiversite.fr\/lyon\/","logo":{"@type":"ImageObject","inLanguage":"fr-FR","@id":"https:\/\/jeuxdeladiversite.fr\/lyon\/#\/schema\/logo\/image\/","url":"https:\/\/face-grandlyon.com\/wp-content\/uploads\/2023\/06\/logo-face-grand-lyon.png","contentUrl":"https:\/\/face-grandlyon.com\/wp-content\/uploads\/2023\/06\/logo-face-grand-lyon.png","width":374,"height":124,"caption":"Jeux de la Diversit\u00e9 - Face Lyon M\u00e9tropole"},"image":{"@id":"https:\/\/jeuxdeladiversite.fr\/lyon\/#\/schema\/logo\/image\/"},"sameAs":["https:\/\/www.facebook.com\/FondationFACE\/","https:\/\/x.com\/FACE_Grand_Lyon","https:\/\/www.linkedin.com\/company\/face-grandlyon\/"]}]}},"_links":{"self":[{"href":"https:\/\/jeuxdeladiversite.fr\/lyon\/wp-json\/wp\/v2\/pages\/7988","targetHints":{"allow":["GET"]}}],"collection":[{"href":"https:\/\/jeuxdeladiversite.fr\/lyon\/wp-json\/wp\/v2\/pages"}],"about":[{"href":"https:\/\/jeuxdeladiversite.fr\/lyon\/wp-json\/wp\/v2\/types\/page"}],"author":[{"embeddable":true,"href":"https:\/\/jeuxdeladiversite.fr\/lyon\/wp-json\/wp\/v2\/users\/1"}],"replies":[{"embeddable":true,"href":"https:\/\/jeuxdeladiversite.fr\/lyon\/wp-json\/wp\/v2\/comments?post=7988"}],"version-history":[{"count":4,"href":"https:\/\/jeuxdeladiversite.fr\/lyon\/wp-json\/wp\/v2\/pages\/7988\/revisions"}],"predecessor-version":[{"id":8208,"href":"https:\/\/jeuxdeladiversite.fr\/lyon\/wp-json\/wp\/v2\/pages\/7988\/revisions\/8208"}],"wp:attachment":[{"href":"https:\/\/jeuxdeladiversite.fr\/lyon\/wp-json\/wp\/v2\/media?parent=7988"}],"curies":[{"name":"wp","href":"https:\/\/api.w.org\/{rel}","templated":true}]}}