{"id":7990,"date":"2023-11-28T10:41:31","date_gmt":"2023-11-28T09:41:31","guid":{"rendered":"https:\/\/jeuxdeladiversite.fr\/lyon\/?page_id=7990"},"modified":"2023-11-28T12:33:44","modified_gmt":"2023-11-28T11:33:44","slug":"plan-dacces","status":"publish","type":"page","link":"https:\/\/jeuxdeladiversite.fr\/lyon\/plan-dacces\/","title":{"rendered":"Plan d&#8217;acc\u00e8s"},"content":{"rendered":"<div class=\"wpb-content-wrapper\"><p>[vc_row full_width=&#8221;stretch_row&#8221; css_animation=&#8221;fadeIn&#8221; el_id=&#8221;headerpage&#8221; css=&#8221;.vc_custom_1701169094540{background-image: url(https:\/\/jeuxdeladiversite.fr\/lyon\/wp-content\/uploads\/2023\/11\/Le-concept.jpg?id=7999) !important;}&#8221;][vc_column][vc_column_text css_animation=&#8221;fadeIn&#8221; el_class=&#8221;txt-blanc&#8221;]<\/p>\n<h1>Acc\u00e8s<\/h1>\n<p>[\/vc_column_text][\/vc_column][\/vc_row][vc_row][vc_column][vc_column_text]<\/p>\n<p style=\"text-align: center;\">Les Jeux de la Diversit\u00e9, <strong>\u00e9v\u00e9nement labellis\u00e9 Impact 2024<\/strong>, renforce son engagement en faveur de l\u2019environnement et vous propose<span style=\"text-decoration: line-through;\">\u00a0<\/span>diff\u00e9rents moyens de transport pour vous rendre \u00e0 l\u2019Embarcad\u00e8re.<\/p>\n<p style=\"text-align: center;\"><strong>Alors comment vous rendre sur place\u00a0? Plusieurs solutions\u00a0:<\/strong><\/p>\n<p>[\/vc_column_text][\/vc_column][\/vc_row][vc_row full_width=&#8221;stretch_row&#8221; css=&#8221;.vc_custom_1684250268412{margin-top: 20px !important;margin-bottom: 0px !important;padding-top: 35px !important;background-color: #f3a733 !important;}&#8221; el_id=&#8221;info-local&#8221;][vc_column css=&#8221;.vc_custom_1684230406406{margin-top: 0px !important;margin-bottom: 0px !important;padding-top: 0px !important;padding-bottom: 0px !important;}&#8221;][vc_row_inner gap=&#8221;30&#8243; css=&#8221;.vc_custom_1684240286950{margin-top: 0px !important;margin-bottom: 0px !important;padding-top: 0px !important;padding-bottom: 0px !important;}&#8221;][vc_column_inner width=&#8221;1\/2&#8243;][vc_column_text css_animation=&#8221;fadeInLeft&#8221; css=&#8221;.vc_custom_1701171219082{margin-top: 0px !important;margin-bottom: 0px !important;padding-top: 0px !important;padding-bottom: 0px !important;}&#8221;]<strong class=\"txt-blanc\">L&#8217;Embarcad\u00e8re<\/strong><br \/>\n13 Bis Quai Rambaud, 69002 Lyon<\/p>\n<p><strong class=\"txt-blanc\"><i class=\"fa-solid fa-train\"><\/i> M\u00e9tro ligne A, arr\u00eat Perrache<\/strong><br \/>\n\u00c0 8min \u00e0 pied<\/p>\n<p><strong class=\"txt-blanc\"><i class=\"fa-solid fa-train\"><\/i> Tram T1, arr\u00eat Sainte-Blandine<\/strong><br \/>\n\u00c0 5min \u00e0 pied<\/p>\n<p><strong class=\"txt-blanc\"><i class=\"fa-solid fa-bus\"><\/i> Bus 69\u00a0arr\u00eat Claudius Collonge<\/strong><br \/>\nBus S1\u00a0arr\u00eat D\u00e9nuzi\u00e8re<\/p>\n<p><strong class=\"txt-blanc\"><i class=\"fa-solid fa-shoe-prints\"><\/i> En baskets<\/strong><br \/>\npour un meilleur entra\u00eenement ![\/vc_column_text][\/vc_column_inner][vc_column_inner width=&#8221;1\/2&#8243;][vc_column_text css_animation=&#8221;fadeInRight&#8221; css=&#8221;.vc_custom_1701171225969{margin-top: 0px !important;margin-bottom: 0px !important;padding-top: 0px !important;padding-bottom: 0px !important;}&#8221;]<strong class=\"txt-blanc\"><i class=\"fa-solid fa-train-subway\"><\/i> Gare TGV Lyon Perrache<\/strong><br \/>\nA 8 min \u00e0 pied<\/p>\n<p><strong class=\"txt-blanc\">\u00a0<\/strong><strong class=\"txt-blanc\"><i class=\"fa-solid fa-bicycle\"><\/i> VELO\u2019V<\/strong><br \/>\nStation Sainte Blandine<\/p>\n<p><strong class=\"txt-blanc\">\u00a0<\/strong><strong class=\"txt-blanc\"><i class=\"fa-solid fa-plane\"><\/i> A\u00e9roport Saint-Exup\u00e9ry<\/strong><br \/>\nRh\u00f4n\u2019Express, arr\u00eat Part-Dieu + Tram T1, arr\u00eat Sainte-Blandine<\/p>\n<p><strong class=\"txt-blanc\">\u00a0<\/strong><strong class=\"txt-blanc\"><i class=\"fa-solid fa-ship\"><\/i> Navette fluviale Vaporetto<\/strong><br \/>\nArr\u00eat Confluence<\/p>\n<p><strong class=\"txt-blanc\">\u00a0<\/strong><strong class=\"txt-blanc\"><i class=\"fa-solid fa-person\"><\/i> 8 min en Trot\u2019 de Bellecour<\/strong><br \/>\n4 min de Perrache[\/vc_column_text][\/vc_column_inner][\/vc_row_inner][\/vc_column][\/vc_row][vc_row][vc_column][vc_gmaps link=&#8221;#E-8_JTNDaWZyYW1lJTIwc3JjJTNEJTIyaHR0cHMlM0ElMkYlMkZ3d3cuZ29vZ2xlLmNvbSUyRm1hcHMlMkZlbWJlZCUzRnBiJTNEJTIxMW0xOCUyMTFtMTIlMjExbTMlMjExZDI3ODQuMTg2NjEwNDczMTYwMyUyMTJkNC44MTU0MjAwNzcyNTM1MjMlMjEzZDQ1Ljc0NzQwNDcxNDQ5Njc3NCUyMTJtMyUyMTFmMCUyMTJmMCUyMTNmMCUyMTNtMiUyMTFpMTAyNCUyMTJpNzY4JTIxNGYxMy4xJTIxM20zJTIxMW0yJTIxMXMweDQ3ZjRlYmI2ZjBiMDE3OTclMjUzQTB4YjQ5NjA1Yzc5MDE2ZmM2JTIxMnpUQ2RGYldKaGNtTmhaTU9vY21VZ1VzT3BjMlZ5ZG05cGNpQmtKOE9wZHNPcGJtVnRaVzUwY3clMjE1ZTAlMjEzbTIlMjExc2ZyJTIxMnNmciUyMTR2MTcwMTE2ODgyNzg2NiUyMTVtMiUyMTFzZnIlMjEyc2ZyJTIyJTIwd2lkdGglM0QlMjI2MDAlMjIlMjBoZWlnaHQlM0QlMjI0NTAlMjIlMjBzdHlsZSUzRCUyMmJvcmRlciUzQTAlM0IlMjIlMjBhbGxvd2Z1bGxzY3JlZW4lM0QlMjIlMjIlMjBsb2FkaW5nJTNEJTIybGF6eSUyMiUyMHJlZmVycmVycG9saWN5JTNEJTIybm8tcmVmZXJyZXItd2hlbi1kb3duZ3JhZGUlMjIlM0UlM0MlMkZpZnJhbWUlM0U=&#8221;][\/vc_column][\/vc_row]<\/p>\n<\/div>","protected":false},"excerpt":{"rendered":"<p>[vc_row full_width=&#8221;stretch_row&#8221; css_animation=&#8221;fadeIn&#8221; el_id=&#8221;headerpage&#8221; css=&#8221;.vc_custom_1701169094540{background-image: url(https:\/\/jeuxdeladiversite.fr\/lyon\/wp-content\/uploads\/2023\/11\/Le-concept.jpg?id=7999) !important;}&#8221;][vc_column][vc_column_text css_animation=&#8221;fadeIn&#8221; el_class=&#8221;txt-blanc&#8221;] Acc\u00e8s [\/vc_column_text][\/vc_column][\/vc_row][vc_row][vc_column][vc_column_text] Les Jeux de la Diversit\u00e9, \u00e9v\u00e9nement labellis\u00e9 Impact 2024, renforce son engagement en faveur de l\u2019environnement et vous propose\u00a0diff\u00e9rents moyens de transport pour vous rendre \u00e0 l\u2019Embarcad\u00e8re. Alors comment vous rendre sur place\u00a0? Plusieurs solutions\u00a0: [\/vc_column_text][\/vc_column][\/vc_row][vc_row full_width=&#8221;stretch_row&#8221; css=&#8221;.vc_custom_1684250268412{margin-top: 20px !important;margin-bottom: 0px !important;padding-top: 35px !important;background-color: [&hellip;]<\/p>\n","protected":false},"author":1,"featured_media":0,"parent":0,"menu_order":0,"comment_status":"closed","ping_status":"closed","template":"","meta":{"footnotes":""},"class_list":["post-7990","page","type-page","status-publish","hentry"],"yoast_head":"<!-- This site is optimized with the Yoast SEO Premium plugin v24.8 (Yoast SEO v24.9) - https:\/\/yoast.com\/wordpress\/plugins\/seo\/ -->\n<title>Plan d&#039;acc\u00e8s - Jeux de la Diversit\u00e9 - Face Lyon M\u00e9tropole<\/title>\n<meta name=\"robots\" content=\"index, follow, max-snippet:-1, max-image-preview:large, max-video-preview:-1\" \/>\n<link rel=\"canonical\" href=\"https:\/\/jeuxdeladiversite.fr\/lyon\/plan-dacces\/\" \/>\n<meta property=\"og:locale\" content=\"fr_FR\" \/>\n<meta property=\"og:type\" content=\"article\" \/>\n<meta property=\"og:title\" content=\"Plan d&#039;acc\u00e8s\" \/>\n<meta property=\"og:description\" content=\"[vc_row full_width=&#8221;stretch_row&#8221; css_animation=&#8221;fadeIn&#8221; el_id=&#8221;headerpage&#8221; css=&#8221;.vc_custom_1701169094540{background-image: url(https:\/\/jeuxdeladiversite.fr\/lyon\/wp-content\/uploads\/2023\/11\/Le-concept.jpg?id=7999) !important;}&#8221;][vc_column][vc_column_text css_animation=&#8221;fadeIn&#8221; el_class=&#8221;txt-blanc&#8221;] Acc\u00e8s [\/vc_column_text][\/vc_column][\/vc_row][vc_row][vc_column][vc_column_text] Les Jeux de la Diversit\u00e9, \u00e9v\u00e9nement labellis\u00e9 Impact 2024, renforce son engagement en faveur de l\u2019environnement et vous propose\u00a0diff\u00e9rents moyens de transport pour vous rendre \u00e0 l\u2019Embarcad\u00e8re. Alors comment vous rendre sur place\u00a0? Plusieurs solutions\u00a0: [\/vc_column_text][\/vc_column][\/vc_row][vc_row full_width=&#8221;stretch_row&#8221; css=&#8221;.vc_custom_1684250268412{margin-top: 20px !important;margin-bottom: 0px !important;padding-top: 35px !important;background-color: [&hellip;]\" \/>\n<meta property=\"og:url\" content=\"https:\/\/jeuxdeladiversite.fr\/lyon\/plan-dacces\/\" \/>\n<meta property=\"og:site_name\" content=\"Jeux de la Diversit\u00e9 - Face Lyon M\u00e9tropole\" \/>\n<meta property=\"article:publisher\" content=\"https:\/\/www.facebook.com\/FondationFACE\/\" \/>\n<meta property=\"article:modified_time\" content=\"2023-11-28T11:33:44+00:00\" \/>\n<meta name=\"twitter:card\" content=\"summary_large_image\" \/>\n<meta name=\"twitter:site\" content=\"@FACE_Grand_Lyon\" \/>\n<meta name=\"twitter:label1\" content=\"Dur\u00e9e de lecture estim\u00e9e\" \/>\n\t<meta name=\"twitter:data1\" content=\"2 minutes\" \/>\n<script type=\"application\/ld+json\" class=\"yoast-schema-graph\">{\"@context\":\"https:\/\/schema.org\",\"@graph\":[{\"@type\":\"WebPage\",\"@id\":\"https:\/\/jeuxdeladiversite.fr\/lyon\/plan-dacces\/\",\"url\":\"https:\/\/jeuxdeladiversite.fr\/lyon\/plan-dacces\/\",\"name\":\"Plan d'acc\u00e8s - Jeux de la Diversit\u00e9 - Face Lyon M\u00e9tropole\",\"isPartOf\":{\"@id\":\"https:\/\/jeuxdeladiversite.fr\/lyon\/#website\"},\"datePublished\":\"2023-11-28T09:41:31+00:00\",\"dateModified\":\"2023-11-28T11:33:44+00:00\",\"breadcrumb\":{\"@id\":\"https:\/\/jeuxdeladiversite.fr\/lyon\/plan-dacces\/#breadcrumb\"},\"inLanguage\":\"fr-FR\",\"potentialAction\":[{\"@type\":\"ReadAction\",\"target\":[\"https:\/\/jeuxdeladiversite.fr\/lyon\/plan-dacces\/\"]}]},{\"@type\":\"BreadcrumbList\",\"@id\":\"https:\/\/jeuxdeladiversite.fr\/lyon\/plan-dacces\/#breadcrumb\",\"itemListElement\":[{\"@type\":\"ListItem\",\"position\":1,\"name\":\"Accueil\",\"item\":\"https:\/\/jeuxdeladiversite.fr\/lyon\/\"},{\"@type\":\"ListItem\",\"position\":2,\"name\":\"Plan d&#8217;acc\u00e8s\"}]},{\"@type\":\"WebSite\",\"@id\":\"https:\/\/jeuxdeladiversite.fr\/lyon\/#website\",\"url\":\"https:\/\/jeuxdeladiversite.fr\/lyon\/\",\"name\":\"Jeux de la Diversit\u00e9 - Face Lyon M\u00e9tropole\",\"description\":\"\",\"publisher\":{\"@id\":\"https:\/\/jeuxdeladiversite.fr\/lyon\/#organization\"},\"potentialAction\":[{\"@type\":\"SearchAction\",\"target\":{\"@type\":\"EntryPoint\",\"urlTemplate\":\"https:\/\/jeuxdeladiversite.fr\/lyon\/?s={search_term_string}\"},\"query-input\":{\"@type\":\"PropertyValueSpecification\",\"valueRequired\":true,\"valueName\":\"search_term_string\"}}],\"inLanguage\":\"fr-FR\"},{\"@type\":\"Organization\",\"@id\":\"https:\/\/jeuxdeladiversite.fr\/lyon\/#organization\",\"name\":\"Jeux de la Diversit\u00e9 - Face Lyon M\u00e9tropole\",\"url\":\"https:\/\/jeuxdeladiversite.fr\/lyon\/\",\"logo\":{\"@type\":\"ImageObject\",\"inLanguage\":\"fr-FR\",\"@id\":\"https:\/\/jeuxdeladiversite.fr\/lyon\/#\/schema\/logo\/image\/\",\"url\":\"https:\/\/face-grandlyon.com\/wp-content\/uploads\/2023\/06\/logo-face-grand-lyon.png\",\"contentUrl\":\"https:\/\/face-grandlyon.com\/wp-content\/uploads\/2023\/06\/logo-face-grand-lyon.png\",\"width\":374,\"height\":124,\"caption\":\"Jeux de la Diversit\u00e9 - Face Lyon M\u00e9tropole\"},\"image\":{\"@id\":\"https:\/\/jeuxdeladiversite.fr\/lyon\/#\/schema\/logo\/image\/\"},\"sameAs\":[\"https:\/\/www.facebook.com\/FondationFACE\/\",\"https:\/\/x.com\/FACE_Grand_Lyon\",\"https:\/\/www.linkedin.com\/company\/face-grandlyon\/\"]}]}<\/script>\n<!-- \/ Yoast SEO Premium plugin. -->","yoast_head_json":{"title":"Plan d'acc\u00e8s - Jeux de la Diversit\u00e9 - Face Lyon M\u00e9tropole","robots":{"index":"index","follow":"follow","max-snippet":"max-snippet:-1","max-image-preview":"max-image-preview:large","max-video-preview":"max-video-preview:-1"},"canonical":"https:\/\/jeuxdeladiversite.fr\/lyon\/plan-dacces\/","og_locale":"fr_FR","og_type":"article","og_title":"Plan d'acc\u00e8s","og_description":"[vc_row full_width=&#8221;stretch_row&#8221; css_animation=&#8221;fadeIn&#8221; el_id=&#8221;headerpage&#8221; css=&#8221;.vc_custom_1701169094540{background-image: url(https:\/\/jeuxdeladiversite.fr\/lyon\/wp-content\/uploads\/2023\/11\/Le-concept.jpg?id=7999) !important;}&#8221;][vc_column][vc_column_text css_animation=&#8221;fadeIn&#8221; el_class=&#8221;txt-blanc&#8221;] Acc\u00e8s [\/vc_column_text][\/vc_column][\/vc_row][vc_row][vc_column][vc_column_text] Les Jeux de la Diversit\u00e9, \u00e9v\u00e9nement labellis\u00e9 Impact 2024, renforce son engagement en faveur de l\u2019environnement et vous propose\u00a0diff\u00e9rents moyens de transport pour vous rendre \u00e0 l\u2019Embarcad\u00e8re. Alors comment vous rendre sur place\u00a0? Plusieurs solutions\u00a0: [\/vc_column_text][\/vc_column][\/vc_row][vc_row full_width=&#8221;stretch_row&#8221; css=&#8221;.vc_custom_1684250268412{margin-top: 20px !important;margin-bottom: 0px !important;padding-top: 35px !important;background-color: [&hellip;]","og_url":"https:\/\/jeuxdeladiversite.fr\/lyon\/plan-dacces\/","og_site_name":"Jeux de la Diversit\u00e9 - Face Lyon M\u00e9tropole","article_publisher":"https:\/\/www.facebook.com\/FondationFACE\/","article_modified_time":"2023-11-28T11:33:44+00:00","twitter_card":"summary_large_image","twitter_site":"@FACE_Grand_Lyon","twitter_misc":{"Dur\u00e9e de lecture estim\u00e9e":"2 minutes"},"schema":{"@context":"https:\/\/schema.org","@graph":[{"@type":"WebPage","@id":"https:\/\/jeuxdeladiversite.fr\/lyon\/plan-dacces\/","url":"https:\/\/jeuxdeladiversite.fr\/lyon\/plan-dacces\/","name":"Plan d'acc\u00e8s - Jeux de la Diversit\u00e9 - Face Lyon M\u00e9tropole","isPartOf":{"@id":"https:\/\/jeuxdeladiversite.fr\/lyon\/#website"},"datePublished":"2023-11-28T09:41:31+00:00","dateModified":"2023-11-28T11:33:44+00:00","breadcrumb":{"@id":"https:\/\/jeuxdeladiversite.fr\/lyon\/plan-dacces\/#breadcrumb"},"inLanguage":"fr-FR","potentialAction":[{"@type":"ReadAction","target":["https:\/\/jeuxdeladiversite.fr\/lyon\/plan-dacces\/"]}]},{"@type":"BreadcrumbList","@id":"https:\/\/jeuxdeladiversite.fr\/lyon\/plan-dacces\/#breadcrumb","itemListElement":[{"@type":"ListItem","position":1,"name":"Accueil","item":"https:\/\/jeuxdeladiversite.fr\/lyon\/"},{"@type":"ListItem","position":2,"name":"Plan d&#8217;acc\u00e8s"}]},{"@type":"WebSite","@id":"https:\/\/jeuxdeladiversite.fr\/lyon\/#website","url":"https:\/\/jeuxdeladiversite.fr\/lyon\/","name":"Jeux de la Diversit\u00e9 - Face Lyon M\u00e9tropole","description":"","publisher":{"@id":"https:\/\/jeuxdeladiversite.fr\/lyon\/#organization"},"potentialAction":[{"@type":"SearchAction","target":{"@type":"EntryPoint","urlTemplate":"https:\/\/jeuxdeladiversite.fr\/lyon\/?s={search_term_string}"},"query-input":{"@type":"PropertyValueSpecification","valueRequired":true,"valueName":"search_term_string"}}],"inLanguage":"fr-FR"},{"@type":"Organization","@id":"https:\/\/jeuxdeladiversite.fr\/lyon\/#organization","name":"Jeux de la Diversit\u00e9 - Face Lyon M\u00e9tropole","url":"https:\/\/jeuxdeladiversite.fr\/lyon\/","logo":{"@type":"ImageObject","inLanguage":"fr-FR","@id":"https:\/\/jeuxdeladiversite.fr\/lyon\/#\/schema\/logo\/image\/","url":"https:\/\/face-grandlyon.com\/wp-content\/uploads\/2023\/06\/logo-face-grand-lyon.png","contentUrl":"https:\/\/face-grandlyon.com\/wp-content\/uploads\/2023\/06\/logo-face-grand-lyon.png","width":374,"height":124,"caption":"Jeux de la Diversit\u00e9 - Face Lyon M\u00e9tropole"},"image":{"@id":"https:\/\/jeuxdeladiversite.fr\/lyon\/#\/schema\/logo\/image\/"},"sameAs":["https:\/\/www.facebook.com\/FondationFACE\/","https:\/\/x.com\/FACE_Grand_Lyon","https:\/\/www.linkedin.com\/company\/face-grandlyon\/"]}]}},"_links":{"self":[{"href":"https:\/\/jeuxdeladiversite.fr\/lyon\/wp-json\/wp\/v2\/pages\/7990","targetHints":{"allow":["GET"]}}],"collection":[{"href":"https:\/\/jeuxdeladiversite.fr\/lyon\/wp-json\/wp\/v2\/pages"}],"about":[{"href":"https:\/\/jeuxdeladiversite.fr\/lyon\/wp-json\/wp\/v2\/types\/page"}],"author":[{"embeddable":true,"href":"https:\/\/jeuxdeladiversite.fr\/lyon\/wp-json\/wp\/v2\/users\/1"}],"replies":[{"embeddable":true,"href":"https:\/\/jeuxdeladiversite.fr\/lyon\/wp-json\/wp\/v2\/comments?post=7990"}],"version-history":[{"count":0,"href":"https:\/\/jeuxdeladiversite.fr\/lyon\/wp-json\/wp\/v2\/pages\/7990\/revisions"}],"wp:attachment":[{"href":"https:\/\/jeuxdeladiversite.fr\/lyon\/wp-json\/wp\/v2\/media?parent=7990"}],"curies":[{"name":"wp","href":"https:\/\/api.w.org\/{rel}","templated":true}]}}