{"id":8034,"date":"2023-11-28T12:00:10","date_gmt":"2023-11-28T11:00:10","guid":{"rendered":"https:\/\/jeuxdeladiversite.fr\/lyon\/?page_id=8034"},"modified":"2025-03-17T12:26:47","modified_gmt":"2025-03-17T11:26:47","slug":"les-offres-partenaires","status":"publish","type":"page","link":"https:\/\/jeuxdeladiversite.fr\/lyon\/les-offres-partenaires\/","title":{"rendered":"Les Offres partenaires"},"content":{"rendered":"<div class=\"wpb-content-wrapper\"><p>[vc_row full_width=&#8221;stretch_row&#8221; css_animation=&#8221;fadeIn&#8221; el_id=&#8221;headerpage&#8221; css=&#8221;.vc_custom_1684254740237{background-image: url(https:\/\/face-grandlyon.com\/wp-content\/uploads\/2023\/06\/club-entreprise.png?id=113) !important;}&#8221;][vc_column][vc_column_text css_animation=&#8221;fadeIn&#8221; el_class=&#8221;txt-blanc&#8221;]<\/p>\n<h1>Les Offres partenaires<\/h1>\n<p>[\/vc_column_text][\/vc_column][\/vc_row][vc_row full_width=&#8221;stretch_row&#8221; el_id=&#8221;txt-club-entreprise&#8221; css=&#8221;.vc_custom_1684219978670{padding-top: 25px !important;padding-bottom: 25px !important;}&#8221;][vc_column][vc_column_text]<\/p>\n<p style=\"text-align: center;\"><a class=\"btn1\" href=\"https:\/\/face-grandlyon.com\/wp-content\/uploads\/2024\/03\/Plaquette-entreprise-1.pdf\" target=\"_blank\" rel=\"noopener\">Je d\u00e9couvre la plaquette partenaire !<\/a><\/p>\n<p>[\/vc_column_text][vc_row_inner gap=&#8221;35&#8243;][vc_column_inner width=&#8221;1\/2&#8243;][vc_column_text css_animation=&#8221;fadeInLeft&#8221;]Profitez de nos offres partenaires pour <strong>f\u00e9d\u00e9rer vos coll\u00e8gues autour d\u2019une journ\u00e9e solidaire<\/strong> et d\u2019un d\u00e9fi sportif adapt\u00e9 au niveau de chacun.<\/p>\n<p>Accessible \u00e0 tou.te.s, les novices comme les coureur.euse.s confirm\u00e9.es, les Jeux de la Diversit\u00e9 permet de r\u00e9unir vos collaborateurs sur 3 temps forts\u00a0: le Job Dating, le Village RSE, et les activit\u00e9s sportives (Marche en 2,5 et 5km, Course en 5km et 10km).<\/p>\n<p>Et pour que vos collaborateur.euses restent uni.es sous vos couleurs, participez au challenge collectif avec l\u2019une des 5 offres ci-dessous :<\/p>\n<h3>Le Pack Associatif (tarif association) *<\/h3>\n<p>La formule associative pour f\u00e9d\u00e9rer votre \u00e9quipe autour d\u2019un d\u00e9fi solidaire. Elle comprend :<\/p>\n<ul>\n<li>Une participation solidaire \u00e0 750\u20ac<\/li>\n<li>15 dossards offerts pour participer aux activit\u00e9s physiques (dont 5 pour le Challenge collectif : Dragon Boats)<\/li>\n<li>L\u2019acc\u00e8s au Challenge collectif\u00a0: Dragon Boats<\/li>\n<li>Pr\u00e9sence de votre logo sur tous nos supports de communication.<\/li>\n<\/ul>\n<h3>Le Pack Bronze *<\/h3>\n<p>La formule simple pour f\u00e9d\u00e9rer votre \u00e9quipe autour d\u2019un d\u00e9fi commun. Elle comprend :<\/p>\n<ul>\n<li>Une participation solidaire \u00e0 1500 \u20ac<\/li>\n<li>15 dossards offerts pour participer aux activit\u00e9s physiques (dont 5 pour le Challenge collectif : Dragon Boats)<\/li>\n<li>Une mise en avant de votre structure (stand) sur le Village D\u00e9couverte &amp; RSE et\/ou sur le Job Dating<\/li>\n<li>Une photo d\u2019\u00e9quipe offerte par le photographe officiel de l\u2019\u00e9v\u00e9nement<\/li>\n<li>Une mise en avant sur tous nos supports de communication, sur les \u00e9crans et film de l\u2019\u00e9v\u00e9nement.<\/li>\n<\/ul>\n<p>[\/vc_column_text][vc_column_text]<\/p>\n<p style=\"text-align: center;\"><em>*non \u00e9ligible \u00e0 la r\u00e9duction fiscale<\/em><\/p>\n<p>[\/vc_column_text][vc_single_image image=&#8221;8049&#8243; img_size=&#8221;full&#8221; alignment=&#8221;center&#8221; css_animation=&#8221;flipInX&#8221;][\/vc_column_inner][vc_column_inner width=&#8221;1\/2&#8243;][vc_column_text css_animation=&#8221;fadeInRight&#8221;]<\/p>\n<h3>Le Pack Argent *<\/h3>\n<p>La formule medium pour f\u00e9d\u00e9rer votre \u00e9quipe autour d\u2019un \u00e9v\u00e9nement teambuilding en harmonie les valeurs de votre structure. Elle comprend\u00a0:<\/p>\n<ul>\n<li>Une participation solidaire \u00e0 2500 \u20ac<\/li>\n<li>30 dossards offerts pour participer aux activit\u00e9s physiques (dont 5 pour le Challenge collectif : Dragon Boats)<\/li>\n<li>Une mise en avant de votre structure (stand) sur le Village D\u00e9couvertes &amp; RSE et\/ou sur le Job Dating<\/li>\n<li>Une pr\u00e9paration physique personnalis\u00e9e offerte avec un coach<\/li>\n<li>Une photo d\u2019\u00e9quipe offerte par le photographe officiel de l\u2019\u00e9v\u00e9nement<\/li>\n<li>Une mise en avant sur tous nos supports de communication, sur les \u00e9crans et film de l\u2019\u00e9v\u00e9nement.<\/li>\n<li>Une mise en avant de vos supports de communication au d\u00e9part et arriv\u00e9e de la Course et Marche.<\/li>\n<li>Une sensibilisation (Handicap \/ D\u00e9construction des<br \/>\nSt\u00e9r\u00e9otypes \/ Lutte contre les Discriminations) offerte par notre \u00e9quipe<\/li>\n<\/ul>\n<h3>Le Pack Or *<\/h3>\n<p>La formule premium pour remercier et mettre en avant vos collaborateur.rice.s autour d\u2019un \u00e9v\u00e9nement solidaire. Elle comprend :<\/p>\n<ul>\n<li>Une participation solidaire \u00e0 3500 \u20ac<\/li>\n<li>50 dossards offerts pour participer aux activit\u00e9s physiques (dont 5 pour le Challenge collectif : Dragon Boats)<\/li>\n<li>Une mise en avant de votre structure (stand) sur le Village D\u00e9couverte &amp; RSE et\/ou sur le Job Dating<\/li>\n<li>Une pr\u00e9paration physique personnalis\u00e9e offerte avec un coach<\/li>\n<li>Une photo d\u2019\u00e9quipe offerte par le photographe officiel de l\u2019\u00e9v\u00e9nement<\/li>\n<li>Une mise en avant sur tous nos supports de communication, interview d\u00e9di\u00e9e \u00e0 votre structure sur le film de l\u2019\u00e9v\u00e9nement.<\/li>\n<li>Une mise en avant de vos supports de communication au d\u00e9part et arriv\u00e9e de la Course et Marche.<\/li>\n<li>Une sensibilisation (Handicap \/ D\u00e9construction des<br \/>\nSt\u00e9r\u00e9otypes \/ Lutte contre les Discriminations) offerte par notre \u00e9quipe<\/li>\n<\/ul>\n<h3>Le Pack Donateur.rice.s<\/h3>\n<p>Soutenez l\u2019\u00e9v\u00e9nement et le dispositif d&#8217;accompagnement \u00e0 destination des femmes victimes de violences conjugales de FACE Lyon M\u00e9tropole au travers d\u2019un don libre ! (\u00e9ligible \u00e0 la r\u00e9duction fiscale)<\/p>\n<p><strong>En 2024, ce sont plus de 1 000 participant.es qui ont pu profiter de cette journ\u00e9e diversit\u00e9 cl\u00e9 en main !<\/strong><\/p>\n<p style=\"text-align: center;\"><a class=\"btn1\" href=\"https:\/\/jeuxdeladiversite.fr\/lyon\/contact\/\">Contactez-nous<\/a><\/p>\n<p>[\/vc_column_text][\/vc_column_inner][\/vc_row_inner][\/vc_column][\/vc_row][vc_row][vc_column][\/vc_column][\/vc_row]<\/p>\n<\/div>","protected":false},"excerpt":{"rendered":"<p>[vc_row full_width=&#8221;stretch_row&#8221; css_animation=&#8221;fadeIn&#8221; el_id=&#8221;headerpage&#8221; css=&#8221;.vc_custom_1684254740237{background-image: url(https:\/\/face-grandlyon.com\/wp-content\/uploads\/2023\/06\/club-entreprise.png?id=113) !important;}&#8221;][vc_column][vc_column_text css_animation=&#8221;fadeIn&#8221; el_class=&#8221;txt-blanc&#8221;] Les Offres partenaires [\/vc_column_text][\/vc_column][\/vc_row][vc_row full_width=&#8221;stretch_row&#8221; el_id=&#8221;txt-club-entreprise&#8221; css=&#8221;.vc_custom_1684219978670{padding-top: 25px !important;padding-bottom: 25px !important;}&#8221;][vc_column][vc_column_text] Je d\u00e9couvre la plaquette partenaire ! [\/vc_column_text][vc_row_inner gap=&#8221;35&#8243;][vc_column_inner width=&#8221;1\/2&#8243;][vc_column_text css_animation=&#8221;fadeInLeft&#8221;]Profitez de nos offres partenaires pour f\u00e9d\u00e9rer vos coll\u00e8gues autour d\u2019une journ\u00e9e solidaire et d\u2019un d\u00e9fi sportif adapt\u00e9 au niveau de chacun. Accessible \u00e0 tou.te.s, les [&hellip;]<\/p>\n","protected":false},"author":1,"featured_media":0,"parent":0,"menu_order":0,"comment_status":"closed","ping_status":"closed","template":"","meta":{"footnotes":""},"class_list":["post-8034","page","type-page","status-publish","hentry"],"yoast_head":"<!-- This site is optimized with the Yoast SEO Premium plugin v24.8 (Yoast SEO v24.9) - https:\/\/yoast.com\/wordpress\/plugins\/seo\/ -->\n<title>Les Offres partenaires - Jeux de la Diversit\u00e9 - Face Lyon M\u00e9tropole<\/title>\n<meta name=\"robots\" content=\"index, follow, max-snippet:-1, max-image-preview:large, max-video-preview:-1\" \/>\n<link rel=\"canonical\" href=\"https:\/\/jeuxdeladiversite.fr\/lyon\/les-offres-partenaires\/\" \/>\n<meta property=\"og:locale\" content=\"fr_FR\" \/>\n<meta property=\"og:type\" content=\"article\" \/>\n<meta property=\"og:title\" content=\"Les Offres partenaires\" \/>\n<meta property=\"og:description\" content=\"[vc_row full_width=&#8221;stretch_row&#8221; css_animation=&#8221;fadeIn&#8221; el_id=&#8221;headerpage&#8221; css=&#8221;.vc_custom_1684254740237{background-image: url(https:\/\/face-grandlyon.com\/wp-content\/uploads\/2023\/06\/club-entreprise.png?id=113) !important;}&#8221;][vc_column][vc_column_text css_animation=&#8221;fadeIn&#8221; el_class=&#8221;txt-blanc&#8221;] Les Offres partenaires [\/vc_column_text][\/vc_column][\/vc_row][vc_row full_width=&#8221;stretch_row&#8221; el_id=&#8221;txt-club-entreprise&#8221; css=&#8221;.vc_custom_1684219978670{padding-top: 25px !important;padding-bottom: 25px !important;}&#8221;][vc_column][vc_column_text] Je d\u00e9couvre la plaquette partenaire ! [\/vc_column_text][vc_row_inner gap=&#8221;35&#8243;][vc_column_inner width=&#8221;1\/2&#8243;][vc_column_text css_animation=&#8221;fadeInLeft&#8221;]Profitez de nos offres partenaires pour f\u00e9d\u00e9rer vos coll\u00e8gues autour d\u2019une journ\u00e9e solidaire et d\u2019un d\u00e9fi sportif adapt\u00e9 au niveau de chacun. Accessible \u00e0 tou.te.s, les [&hellip;]\" \/>\n<meta property=\"og:url\" content=\"https:\/\/jeuxdeladiversite.fr\/lyon\/les-offres-partenaires\/\" \/>\n<meta property=\"og:site_name\" content=\"Jeux de la Diversit\u00e9 - Face Lyon M\u00e9tropole\" \/>\n<meta property=\"article:publisher\" content=\"https:\/\/www.facebook.com\/FondationFACE\/\" \/>\n<meta property=\"article:modified_time\" content=\"2025-03-17T11:26:47+00:00\" \/>\n<meta name=\"twitter:card\" content=\"summary_large_image\" \/>\n<meta name=\"twitter:site\" content=\"@FACE_Grand_Lyon\" \/>\n<meta name=\"twitter:label1\" content=\"Dur\u00e9e de lecture estim\u00e9e\" \/>\n\t<meta name=\"twitter:data1\" content=\"4 minutes\" \/>\n<script type=\"application\/ld+json\" class=\"yoast-schema-graph\">{\"@context\":\"https:\/\/schema.org\",\"@graph\":[{\"@type\":\"WebPage\",\"@id\":\"https:\/\/jeuxdeladiversite.fr\/lyon\/les-offres-partenaires\/\",\"url\":\"https:\/\/jeuxdeladiversite.fr\/lyon\/les-offres-partenaires\/\",\"name\":\"Les Offres partenaires - Jeux de la Diversit\u00e9 - Face Lyon M\u00e9tropole\",\"isPartOf\":{\"@id\":\"https:\/\/jeuxdeladiversite.fr\/lyon\/#website\"},\"datePublished\":\"2023-11-28T11:00:10+00:00\",\"dateModified\":\"2025-03-17T11:26:47+00:00\",\"breadcrumb\":{\"@id\":\"https:\/\/jeuxdeladiversite.fr\/lyon\/les-offres-partenaires\/#breadcrumb\"},\"inLanguage\":\"fr-FR\",\"potentialAction\":[{\"@type\":\"ReadAction\",\"target\":[\"https:\/\/jeuxdeladiversite.fr\/lyon\/les-offres-partenaires\/\"]}]},{\"@type\":\"BreadcrumbList\",\"@id\":\"https:\/\/jeuxdeladiversite.fr\/lyon\/les-offres-partenaires\/#breadcrumb\",\"itemListElement\":[{\"@type\":\"ListItem\",\"position\":1,\"name\":\"Accueil\",\"item\":\"https:\/\/jeuxdeladiversite.fr\/lyon\/\"},{\"@type\":\"ListItem\",\"position\":2,\"name\":\"Les Offres partenaires\"}]},{\"@type\":\"WebSite\",\"@id\":\"https:\/\/jeuxdeladiversite.fr\/lyon\/#website\",\"url\":\"https:\/\/jeuxdeladiversite.fr\/lyon\/\",\"name\":\"Jeux de la Diversit\u00e9 - Face Lyon M\u00e9tropole\",\"description\":\"\",\"publisher\":{\"@id\":\"https:\/\/jeuxdeladiversite.fr\/lyon\/#organization\"},\"potentialAction\":[{\"@type\":\"SearchAction\",\"target\":{\"@type\":\"EntryPoint\",\"urlTemplate\":\"https:\/\/jeuxdeladiversite.fr\/lyon\/?s={search_term_string}\"},\"query-input\":{\"@type\":\"PropertyValueSpecification\",\"valueRequired\":true,\"valueName\":\"search_term_string\"}}],\"inLanguage\":\"fr-FR\"},{\"@type\":\"Organization\",\"@id\":\"https:\/\/jeuxdeladiversite.fr\/lyon\/#organization\",\"name\":\"Jeux de la Diversit\u00e9 - Face Lyon M\u00e9tropole\",\"url\":\"https:\/\/jeuxdeladiversite.fr\/lyon\/\",\"logo\":{\"@type\":\"ImageObject\",\"inLanguage\":\"fr-FR\",\"@id\":\"https:\/\/jeuxdeladiversite.fr\/lyon\/#\/schema\/logo\/image\/\",\"url\":\"https:\/\/face-grandlyon.com\/wp-content\/uploads\/2023\/06\/logo-face-grand-lyon.png\",\"contentUrl\":\"https:\/\/face-grandlyon.com\/wp-content\/uploads\/2023\/06\/logo-face-grand-lyon.png\",\"width\":374,\"height\":124,\"caption\":\"Jeux de la Diversit\u00e9 - Face Lyon M\u00e9tropole\"},\"image\":{\"@id\":\"https:\/\/jeuxdeladiversite.fr\/lyon\/#\/schema\/logo\/image\/\"},\"sameAs\":[\"https:\/\/www.facebook.com\/FondationFACE\/\",\"https:\/\/x.com\/FACE_Grand_Lyon\",\"https:\/\/www.linkedin.com\/company\/face-grandlyon\/\"]}]}<\/script>\n<!-- \/ Yoast SEO Premium plugin. -->","yoast_head_json":{"title":"Les Offres partenaires - Jeux de la Diversit\u00e9 - Face Lyon M\u00e9tropole","robots":{"index":"index","follow":"follow","max-snippet":"max-snippet:-1","max-image-preview":"max-image-preview:large","max-video-preview":"max-video-preview:-1"},"canonical":"https:\/\/jeuxdeladiversite.fr\/lyon\/les-offres-partenaires\/","og_locale":"fr_FR","og_type":"article","og_title":"Les Offres partenaires","og_description":"[vc_row full_width=&#8221;stretch_row&#8221; css_animation=&#8221;fadeIn&#8221; el_id=&#8221;headerpage&#8221; css=&#8221;.vc_custom_1684254740237{background-image: url(https:\/\/face-grandlyon.com\/wp-content\/uploads\/2023\/06\/club-entreprise.png?id=113) !important;}&#8221;][vc_column][vc_column_text css_animation=&#8221;fadeIn&#8221; el_class=&#8221;txt-blanc&#8221;] Les Offres partenaires [\/vc_column_text][\/vc_column][\/vc_row][vc_row full_width=&#8221;stretch_row&#8221; el_id=&#8221;txt-club-entreprise&#8221; css=&#8221;.vc_custom_1684219978670{padding-top: 25px !important;padding-bottom: 25px !important;}&#8221;][vc_column][vc_column_text] Je d\u00e9couvre la plaquette partenaire ! [\/vc_column_text][vc_row_inner gap=&#8221;35&#8243;][vc_column_inner width=&#8221;1\/2&#8243;][vc_column_text css_animation=&#8221;fadeInLeft&#8221;]Profitez de nos offres partenaires pour f\u00e9d\u00e9rer vos coll\u00e8gues autour d\u2019une journ\u00e9e solidaire et d\u2019un d\u00e9fi sportif adapt\u00e9 au niveau de chacun. Accessible \u00e0 tou.te.s, les [&hellip;]","og_url":"https:\/\/jeuxdeladiversite.fr\/lyon\/les-offres-partenaires\/","og_site_name":"Jeux de la Diversit\u00e9 - Face Lyon M\u00e9tropole","article_publisher":"https:\/\/www.facebook.com\/FondationFACE\/","article_modified_time":"2025-03-17T11:26:47+00:00","twitter_card":"summary_large_image","twitter_site":"@FACE_Grand_Lyon","twitter_misc":{"Dur\u00e9e de lecture estim\u00e9e":"4 minutes"},"schema":{"@context":"https:\/\/schema.org","@graph":[{"@type":"WebPage","@id":"https:\/\/jeuxdeladiversite.fr\/lyon\/les-offres-partenaires\/","url":"https:\/\/jeuxdeladiversite.fr\/lyon\/les-offres-partenaires\/","name":"Les Offres partenaires - Jeux de la Diversit\u00e9 - Face Lyon M\u00e9tropole","isPartOf":{"@id":"https:\/\/jeuxdeladiversite.fr\/lyon\/#website"},"datePublished":"2023-11-28T11:00:10+00:00","dateModified":"2025-03-17T11:26:47+00:00","breadcrumb":{"@id":"https:\/\/jeuxdeladiversite.fr\/lyon\/les-offres-partenaires\/#breadcrumb"},"inLanguage":"fr-FR","potentialAction":[{"@type":"ReadAction","target":["https:\/\/jeuxdeladiversite.fr\/lyon\/les-offres-partenaires\/"]}]},{"@type":"BreadcrumbList","@id":"https:\/\/jeuxdeladiversite.fr\/lyon\/les-offres-partenaires\/#breadcrumb","itemListElement":[{"@type":"ListItem","position":1,"name":"Accueil","item":"https:\/\/jeuxdeladiversite.fr\/lyon\/"},{"@type":"ListItem","position":2,"name":"Les Offres partenaires"}]},{"@type":"WebSite","@id":"https:\/\/jeuxdeladiversite.fr\/lyon\/#website","url":"https:\/\/jeuxdeladiversite.fr\/lyon\/","name":"Jeux de la Diversit\u00e9 - Face Lyon M\u00e9tropole","description":"","publisher":{"@id":"https:\/\/jeuxdeladiversite.fr\/lyon\/#organization"},"potentialAction":[{"@type":"SearchAction","target":{"@type":"EntryPoint","urlTemplate":"https:\/\/jeuxdeladiversite.fr\/lyon\/?s={search_term_string}"},"query-input":{"@type":"PropertyValueSpecification","valueRequired":true,"valueName":"search_term_string"}}],"inLanguage":"fr-FR"},{"@type":"Organization","@id":"https:\/\/jeuxdeladiversite.fr\/lyon\/#organization","name":"Jeux de la Diversit\u00e9 - Face Lyon M\u00e9tropole","url":"https:\/\/jeuxdeladiversite.fr\/lyon\/","logo":{"@type":"ImageObject","inLanguage":"fr-FR","@id":"https:\/\/jeuxdeladiversite.fr\/lyon\/#\/schema\/logo\/image\/","url":"https:\/\/face-grandlyon.com\/wp-content\/uploads\/2023\/06\/logo-face-grand-lyon.png","contentUrl":"https:\/\/face-grandlyon.com\/wp-content\/uploads\/2023\/06\/logo-face-grand-lyon.png","width":374,"height":124,"caption":"Jeux de la Diversit\u00e9 - Face Lyon M\u00e9tropole"},"image":{"@id":"https:\/\/jeuxdeladiversite.fr\/lyon\/#\/schema\/logo\/image\/"},"sameAs":["https:\/\/www.facebook.com\/FondationFACE\/","https:\/\/x.com\/FACE_Grand_Lyon","https:\/\/www.linkedin.com\/company\/face-grandlyon\/"]}]}},"_links":{"self":[{"href":"https:\/\/jeuxdeladiversite.fr\/lyon\/wp-json\/wp\/v2\/pages\/8034","targetHints":{"allow":["GET"]}}],"collection":[{"href":"https:\/\/jeuxdeladiversite.fr\/lyon\/wp-json\/wp\/v2\/pages"}],"about":[{"href":"https:\/\/jeuxdeladiversite.fr\/lyon\/wp-json\/wp\/v2\/types\/page"}],"author":[{"embeddable":true,"href":"https:\/\/jeuxdeladiversite.fr\/lyon\/wp-json\/wp\/v2\/users\/1"}],"replies":[{"embeddable":true,"href":"https:\/\/jeuxdeladiversite.fr\/lyon\/wp-json\/wp\/v2\/comments?post=8034"}],"version-history":[{"count":4,"href":"https:\/\/jeuxdeladiversite.fr\/lyon\/wp-json\/wp\/v2\/pages\/8034\/revisions"}],"predecessor-version":[{"id":8353,"href":"https:\/\/jeuxdeladiversite.fr\/lyon\/wp-json\/wp\/v2\/pages\/8034\/revisions\/8353"}],"wp:attachment":[{"href":"https:\/\/jeuxdeladiversite.fr\/lyon\/wp-json\/wp\/v2\/media?parent=8034"}],"curies":[{"name":"wp","href":"https:\/\/api.w.org\/{rel}","templated":true}]}}