{"id":8075,"date":"2023-11-28T16:09:05","date_gmt":"2023-11-28T15:09:05","guid":{"rendered":"https:\/\/jeuxdeladiversite.fr\/lyon\/?page_id=8075"},"modified":"2025-03-03T16:44:21","modified_gmt":"2025-03-03T15:44:21","slug":"je-veux-etre-benevole","status":"publish","type":"page","link":"https:\/\/jeuxdeladiversite.fr\/lyon\/participer-sinscrire\/je-veux-etre-benevole\/","title":{"rendered":"Je veux \u00eatre b\u00e9n\u00e9vole"},"content":{"rendered":"<div class=\"wpb-content-wrapper\"><p>[vc_row full_width=&#8221;stretch_row&#8221; css_animation=&#8221;fadeIn&#8221; el_id=&#8221;headerpage&#8221; css=&#8221;.vc_custom_1701184295427{background-image: url(https:\/\/jeuxdeladiversite.fr\/lyon\/wp-content\/uploads\/2023\/11\/Le-concept.jpg?id=7999) !important;}&#8221;][vc_column][vc_column_text css_animation=&#8221;fadeIn&#8221; el_class=&#8221;txt-blanc&#8221;]<\/p>\n<h1>Je veux \u00eatre b\u00e9n\u00e9vole<\/h1>\n<p>[\/vc_column_text][\/vc_column][\/vc_row][vc_row][vc_column][\/vc_column][\/vc_row]<\/p>\n<\/div>","protected":false},"excerpt":{"rendered":"<p>[vc_row full_width=&#8221;stretch_row&#8221; css_animation=&#8221;fadeIn&#8221; el_id=&#8221;headerpage&#8221; css=&#8221;.vc_custom_1701184295427{background-image: url(https:\/\/jeuxdeladiversite.fr\/lyon\/wp-content\/uploads\/2023\/11\/Le-concept.jpg?id=7999) !important;}&#8221;][vc_column][vc_column_text css_animation=&#8221;fadeIn&#8221; el_class=&#8221;txt-blanc&#8221;] Je veux \u00eatre b\u00e9n\u00e9vole [\/vc_column_text][\/vc_column][\/vc_row][vc_row][vc_column][\/vc_column][\/vc_row]<\/p>\n","protected":false},"author":1,"featured_media":0,"parent":7983,"menu_order":0,"comment_status":"closed","ping_status":"closed","template":"","meta":{"footnotes":""},"class_list":["post-8075","page","type-page","status-publish","hentry"],"yoast_head":"<!-- This site is optimized with the Yoast SEO Premium plugin v24.8 (Yoast SEO v24.9) - https:\/\/yoast.com\/wordpress\/plugins\/seo\/ -->\n<title>Je veux \u00eatre b\u00e9n\u00e9vole - Jeux de la Diversit\u00e9 - Face Lyon M\u00e9tropole<\/title>\n<meta name=\"robots\" content=\"index, follow, max-snippet:-1, max-image-preview:large, max-video-preview:-1\" \/>\n<link rel=\"canonical\" href=\"https:\/\/jeuxdeladiversite.fr\/lyon\/participer-sinscrire\/je-veux-etre-benevole\/\" \/>\n<meta property=\"og:locale\" content=\"fr_FR\" \/>\n<meta property=\"og:type\" content=\"article\" \/>\n<meta property=\"og:title\" content=\"Je veux \u00eatre b\u00e9n\u00e9vole\" \/>\n<meta property=\"og:description\" content=\"[vc_row full_width=&#8221;stretch_row&#8221; css_animation=&#8221;fadeIn&#8221; el_id=&#8221;headerpage&#8221; css=&#8221;.vc_custom_1701184295427{background-image: url(https:\/\/jeuxdeladiversite.fr\/lyon\/wp-content\/uploads\/2023\/11\/Le-concept.jpg?id=7999) !important;}&#8221;][vc_column][vc_column_text css_animation=&#8221;fadeIn&#8221; el_class=&#8221;txt-blanc&#8221;] Je veux \u00eatre b\u00e9n\u00e9vole [\/vc_column_text][\/vc_column][\/vc_row][vc_row][vc_column][\/vc_column][\/vc_row]\" \/>\n<meta property=\"og:url\" content=\"https:\/\/jeuxdeladiversite.fr\/lyon\/participer-sinscrire\/je-veux-etre-benevole\/\" \/>\n<meta property=\"og:site_name\" content=\"Jeux de la Diversit\u00e9 - Face Lyon M\u00e9tropole\" \/>\n<meta property=\"article:publisher\" content=\"https:\/\/www.facebook.com\/FondationFACE\/\" \/>\n<meta property=\"article:modified_time\" content=\"2025-03-03T15:44:21+00:00\" \/>\n<meta name=\"twitter:card\" content=\"summary_large_image\" \/>\n<meta name=\"twitter:site\" content=\"@FACE_Grand_Lyon\" \/>\n<meta name=\"twitter:label1\" content=\"Dur\u00e9e de lecture estim\u00e9e\" \/>\n\t<meta name=\"twitter:data1\" content=\"1 minute\" \/>\n<script type=\"application\/ld+json\" class=\"yoast-schema-graph\">{\"@context\":\"https:\/\/schema.org\",\"@graph\":[{\"@type\":\"WebPage\",\"@id\":\"https:\/\/jeuxdeladiversite.fr\/lyon\/participer-sinscrire\/je-veux-etre-benevole\/\",\"url\":\"https:\/\/jeuxdeladiversite.fr\/lyon\/participer-sinscrire\/je-veux-etre-benevole\/\",\"name\":\"Je veux \u00eatre b\u00e9n\u00e9vole - Jeux de la Diversit\u00e9 - Face Lyon M\u00e9tropole\",\"isPartOf\":{\"@id\":\"https:\/\/jeuxdeladiversite.fr\/lyon\/#website\"},\"datePublished\":\"2023-11-28T15:09:05+00:00\",\"dateModified\":\"2025-03-03T15:44:21+00:00\",\"breadcrumb\":{\"@id\":\"https:\/\/jeuxdeladiversite.fr\/lyon\/participer-sinscrire\/je-veux-etre-benevole\/#breadcrumb\"},\"inLanguage\":\"fr-FR\",\"potentialAction\":[{\"@type\":\"ReadAction\",\"target\":[\"https:\/\/jeuxdeladiversite.fr\/lyon\/participer-sinscrire\/je-veux-etre-benevole\/\"]}]},{\"@type\":\"BreadcrumbList\",\"@id\":\"https:\/\/jeuxdeladiversite.fr\/lyon\/participer-sinscrire\/je-veux-etre-benevole\/#breadcrumb\",\"itemListElement\":[{\"@type\":\"ListItem\",\"position\":1,\"name\":\"Accueil\",\"item\":\"https:\/\/jeuxdeladiversite.fr\/lyon\/\"},{\"@type\":\"ListItem\",\"position\":2,\"name\":\"Participer \/ S&#8217;inscrire\",\"item\":\"https:\/\/jeuxdeladiversite.fr\/lyon\/participer-sinscrire\/\"},{\"@type\":\"ListItem\",\"position\":3,\"name\":\"Je veux \u00eatre b\u00e9n\u00e9vole\"}]},{\"@type\":\"WebSite\",\"@id\":\"https:\/\/jeuxdeladiversite.fr\/lyon\/#website\",\"url\":\"https:\/\/jeuxdeladiversite.fr\/lyon\/\",\"name\":\"Jeux de la Diversit\u00e9 - Face Lyon M\u00e9tropole\",\"description\":\"\",\"publisher\":{\"@id\":\"https:\/\/jeuxdeladiversite.fr\/lyon\/#organization\"},\"potentialAction\":[{\"@type\":\"SearchAction\",\"target\":{\"@type\":\"EntryPoint\",\"urlTemplate\":\"https:\/\/jeuxdeladiversite.fr\/lyon\/?s={search_term_string}\"},\"query-input\":{\"@type\":\"PropertyValueSpecification\",\"valueRequired\":true,\"valueName\":\"search_term_string\"}}],\"inLanguage\":\"fr-FR\"},{\"@type\":\"Organization\",\"@id\":\"https:\/\/jeuxdeladiversite.fr\/lyon\/#organization\",\"name\":\"Jeux de la Diversit\u00e9 - Face Lyon M\u00e9tropole\",\"url\":\"https:\/\/jeuxdeladiversite.fr\/lyon\/\",\"logo\":{\"@type\":\"ImageObject\",\"inLanguage\":\"fr-FR\",\"@id\":\"https:\/\/jeuxdeladiversite.fr\/lyon\/#\/schema\/logo\/image\/\",\"url\":\"https:\/\/face-grandlyon.com\/wp-content\/uploads\/2023\/06\/logo-face-grand-lyon.png\",\"contentUrl\":\"https:\/\/face-grandlyon.com\/wp-content\/uploads\/2023\/06\/logo-face-grand-lyon.png\",\"width\":374,\"height\":124,\"caption\":\"Jeux de la Diversit\u00e9 - Face Lyon M\u00e9tropole\"},\"image\":{\"@id\":\"https:\/\/jeuxdeladiversite.fr\/lyon\/#\/schema\/logo\/image\/\"},\"sameAs\":[\"https:\/\/www.facebook.com\/FondationFACE\/\",\"https:\/\/x.com\/FACE_Grand_Lyon\",\"https:\/\/www.linkedin.com\/company\/face-grandlyon\/\"]}]}<\/script>\n<!-- \/ Yoast SEO Premium plugin. -->","yoast_head_json":{"title":"Je veux \u00eatre b\u00e9n\u00e9vole - Jeux de la Diversit\u00e9 - Face Lyon M\u00e9tropole","robots":{"index":"index","follow":"follow","max-snippet":"max-snippet:-1","max-image-preview":"max-image-preview:large","max-video-preview":"max-video-preview:-1"},"canonical":"https:\/\/jeuxdeladiversite.fr\/lyon\/participer-sinscrire\/je-veux-etre-benevole\/","og_locale":"fr_FR","og_type":"article","og_title":"Je veux \u00eatre b\u00e9n\u00e9vole","og_description":"[vc_row full_width=&#8221;stretch_row&#8221; css_animation=&#8221;fadeIn&#8221; el_id=&#8221;headerpage&#8221; css=&#8221;.vc_custom_1701184295427{background-image: url(https:\/\/jeuxdeladiversite.fr\/lyon\/wp-content\/uploads\/2023\/11\/Le-concept.jpg?id=7999) !important;}&#8221;][vc_column][vc_column_text css_animation=&#8221;fadeIn&#8221; el_class=&#8221;txt-blanc&#8221;] Je veux \u00eatre b\u00e9n\u00e9vole [\/vc_column_text][\/vc_column][\/vc_row][vc_row][vc_column][\/vc_column][\/vc_row]","og_url":"https:\/\/jeuxdeladiversite.fr\/lyon\/participer-sinscrire\/je-veux-etre-benevole\/","og_site_name":"Jeux de la Diversit\u00e9 - Face Lyon M\u00e9tropole","article_publisher":"https:\/\/www.facebook.com\/FondationFACE\/","article_modified_time":"2025-03-03T15:44:21+00:00","twitter_card":"summary_large_image","twitter_site":"@FACE_Grand_Lyon","twitter_misc":{"Dur\u00e9e de lecture estim\u00e9e":"1 minute"},"schema":{"@context":"https:\/\/schema.org","@graph":[{"@type":"WebPage","@id":"https:\/\/jeuxdeladiversite.fr\/lyon\/participer-sinscrire\/je-veux-etre-benevole\/","url":"https:\/\/jeuxdeladiversite.fr\/lyon\/participer-sinscrire\/je-veux-etre-benevole\/","name":"Je veux \u00eatre b\u00e9n\u00e9vole - Jeux de la Diversit\u00e9 - Face Lyon M\u00e9tropole","isPartOf":{"@id":"https:\/\/jeuxdeladiversite.fr\/lyon\/#website"},"datePublished":"2023-11-28T15:09:05+00:00","dateModified":"2025-03-03T15:44:21+00:00","breadcrumb":{"@id":"https:\/\/jeuxdeladiversite.fr\/lyon\/participer-sinscrire\/je-veux-etre-benevole\/#breadcrumb"},"inLanguage":"fr-FR","potentialAction":[{"@type":"ReadAction","target":["https:\/\/jeuxdeladiversite.fr\/lyon\/participer-sinscrire\/je-veux-etre-benevole\/"]}]},{"@type":"BreadcrumbList","@id":"https:\/\/jeuxdeladiversite.fr\/lyon\/participer-sinscrire\/je-veux-etre-benevole\/#breadcrumb","itemListElement":[{"@type":"ListItem","position":1,"name":"Accueil","item":"https:\/\/jeuxdeladiversite.fr\/lyon\/"},{"@type":"ListItem","position":2,"name":"Participer \/ S&#8217;inscrire","item":"https:\/\/jeuxdeladiversite.fr\/lyon\/participer-sinscrire\/"},{"@type":"ListItem","position":3,"name":"Je veux \u00eatre b\u00e9n\u00e9vole"}]},{"@type":"WebSite","@id":"https:\/\/jeuxdeladiversite.fr\/lyon\/#website","url":"https:\/\/jeuxdeladiversite.fr\/lyon\/","name":"Jeux de la Diversit\u00e9 - Face Lyon M\u00e9tropole","description":"","publisher":{"@id":"https:\/\/jeuxdeladiversite.fr\/lyon\/#organization"},"potentialAction":[{"@type":"SearchAction","target":{"@type":"EntryPoint","urlTemplate":"https:\/\/jeuxdeladiversite.fr\/lyon\/?s={search_term_string}"},"query-input":{"@type":"PropertyValueSpecification","valueRequired":true,"valueName":"search_term_string"}}],"inLanguage":"fr-FR"},{"@type":"Organization","@id":"https:\/\/jeuxdeladiversite.fr\/lyon\/#organization","name":"Jeux de la Diversit\u00e9 - Face Lyon M\u00e9tropole","url":"https:\/\/jeuxdeladiversite.fr\/lyon\/","logo":{"@type":"ImageObject","inLanguage":"fr-FR","@id":"https:\/\/jeuxdeladiversite.fr\/lyon\/#\/schema\/logo\/image\/","url":"https:\/\/face-grandlyon.com\/wp-content\/uploads\/2023\/06\/logo-face-grand-lyon.png","contentUrl":"https:\/\/face-grandlyon.com\/wp-content\/uploads\/2023\/06\/logo-face-grand-lyon.png","width":374,"height":124,"caption":"Jeux de la Diversit\u00e9 - Face Lyon M\u00e9tropole"},"image":{"@id":"https:\/\/jeuxdeladiversite.fr\/lyon\/#\/schema\/logo\/image\/"},"sameAs":["https:\/\/www.facebook.com\/FondationFACE\/","https:\/\/x.com\/FACE_Grand_Lyon","https:\/\/www.linkedin.com\/company\/face-grandlyon\/"]}]}},"_links":{"self":[{"href":"https:\/\/jeuxdeladiversite.fr\/lyon\/wp-json\/wp\/v2\/pages\/8075","targetHints":{"allow":["GET"]}}],"collection":[{"href":"https:\/\/jeuxdeladiversite.fr\/lyon\/wp-json\/wp\/v2\/pages"}],"about":[{"href":"https:\/\/jeuxdeladiversite.fr\/lyon\/wp-json\/wp\/v2\/types\/page"}],"author":[{"embeddable":true,"href":"https:\/\/jeuxdeladiversite.fr\/lyon\/wp-json\/wp\/v2\/users\/1"}],"replies":[{"embeddable":true,"href":"https:\/\/jeuxdeladiversite.fr\/lyon\/wp-json\/wp\/v2\/comments?post=8075"}],"version-history":[{"count":1,"href":"https:\/\/jeuxdeladiversite.fr\/lyon\/wp-json\/wp\/v2\/pages\/8075\/revisions"}],"predecessor-version":[{"id":8329,"href":"https:\/\/jeuxdeladiversite.fr\/lyon\/wp-json\/wp\/v2\/pages\/8075\/revisions\/8329"}],"up":[{"embeddable":true,"href":"https:\/\/jeuxdeladiversite.fr\/lyon\/wp-json\/wp\/v2\/pages\/7983"}],"wp:attachment":[{"href":"https:\/\/jeuxdeladiversite.fr\/lyon\/wp-json\/wp\/v2\/media?parent=8075"}],"curies":[{"name":"wp","href":"https:\/\/api.w.org\/{rel}","templated":true}]}}